{"id":45,"date":"2020-08-20T21:36:14","date_gmt":"2020-08-20T21:36:14","guid":{"rendered":"https:\/\/moreiramenezes.com\/?page_id=45"},"modified":"2020-09-21T15:30:48","modified_gmt":"2020-09-21T15:30:48","slug":"advocacia-de-negocios","status":"publish","type":"page","link":"https:\/\/moreiramenezes.com.br\/en\/advocacia-de-negocios\/","title":{"rendered":"Business Law"},"content":{"rendered":"\t\t<div data-elementor-type=\"wp-page\" data-elementor-id=\"45\" class=\"elementor elementor-45\" data-elementor-post-type=\"page\">\n\t\t\t\t\t\t<section class=\"elementor-section elementor-top-section elementor-element elementor-element-cdf6cde elementor-section-content-middle elementor-section-height-min-height elementor-section-items-bottom elementor-section-boxed elementor-section-height-default\" data-id=\"cdf6cde\" data-element_type=\"section\" data-e-type=\"section\" data-settings=\"{&quot;background_background&quot;:&quot;slideshow&quot;,&quot;background_slideshow_ken_burns&quot;:&quot;yes&quot;,&quot;background_slideshow_gallery&quot;:[{&quot;id&quot;:1938,&quot;url&quot;:&quot;https:\\\/\\\/moreiramenezes.com.br\\\/wp-content\\\/uploads\\\/2020\\\/09\\\/11-min.jpg&quot;},{&quot;id&quot;:1937,&quot;url&quot;:&quot;https:\\\/\\\/moreiramenezes.com.br\\\/wp-content\\\/uploads\\\/2020\\\/09\\\/480-min.jpg&quot;}],&quot;background_slideshow_loop&quot;:&quot;yes&quot;,&quot;background_slideshow_slide_duration&quot;:5000,&quot;background_slideshow_slide_transition&quot;:&quot;fade&quot;,&quot;background_slideshow_transition_duration&quot;:500,&quot;background_slideshow_ken_burns_zoom_direction&quot;:&quot;in&quot;}\">\n\t\t\t\t\t\t\t<div class=\"elementor-background-overlay\"><\/div>\n\t\t\t\t\t\t\t<div class=\"elementor-container elementor-column-gap-no\">\n\t\t\t\t\t<div class=\"elementor-column elementor-col-50 elementor-top-column elementor-element elementor-element-1152c8b\" data-id=\"1152c8b\" data-element_type=\"column\" data-e-type=\"column\">\n\t\t\t<div class=\"elementor-widget-wrap elementor-element-populated\">\n\t\t\t\t\t\t<section class=\"elementor-section elementor-inner-section elementor-element elementor-element-ab30847 elementor-section-full_width elementor-section-height-default elementor-section-height-default elementor-invisible\" data-id=\"ab30847\" data-element_type=\"section\" data-e-type=\"section\" data-settings=\"{&quot;background_background&quot;:&quot;classic&quot;,&quot;animation&quot;:&quot;fadeIn&quot;}\">\n\t\t\t\t\t\t<div class=\"elementor-container elementor-column-gap-default\">\n\t\t\t\t\t<div class=\"elementor-column elementor-col-100 elementor-inner-column elementor-element elementor-element-29ac132\" data-id=\"29ac132\" data-element_type=\"column\" data-e-type=\"column\">\n\t\t\t<div class=\"elementor-widget-wrap elementor-element-populated\">\n\t\t\t\t\t\t<div class=\"elementor-element elementor-element-7ab6fdf elementor-widget elementor-widget-heading\" data-id=\"7ab6fdf\" data-element_type=\"widget\" data-e-type=\"widget\" data-widget_type=\"heading.default\">\n\t\t\t\t<div class=\"elementor-widget-container\">\n\t\t\t\t\t<h2 class=\"elementor-heading-title elementor-size-default\"><strong>Nos dom\u00ednios da Advocacia de Neg\u00f3cios: <\/strong><\/h2>\t\t\t\t<\/div>\n\t\t\t\t<\/div>\n\t\t\t\t<div class=\"elementor-element elementor-element-d840e26 elementor-widget elementor-widget-heading\" data-id=\"d840e26\" data-element_type=\"widget\" data-e-type=\"widget\" data-widget_type=\"heading.default\">\n\t\t\t\t<div class=\"elementor-widget-container\">\n\t\t\t\t\t<h2 class=\"elementor-heading-title elementor-size-default\">compreendendo o alcance da atividade.<\/h2>\t\t\t\t<\/div>\n\t\t\t\t<\/div>\n\t\t\t\t\t<\/div>\n\t\t<\/div>\n\t\t\t\t\t<\/div>\n\t\t<\/section>\n\t\t\t\t\t<\/div>\n\t\t<\/div>\n\t\t\t\t<div class=\"elementor-column elementor-col-50 elementor-top-column elementor-element elementor-element-868e2ac\" data-id=\"868e2ac\" data-element_type=\"column\" data-e-type=\"column\">\n\t\t\t<div class=\"elementor-widget-wrap\">\n\t\t\t\t\t\t\t<\/div>\n\t\t<\/div>\n\t\t\t\t\t<\/div>\n\t\t<\/section>\n\t\t\t\t<section class=\"elementor-section elementor-top-section elementor-element elementor-element-2b242d3 elementor-section-boxed elementor-section-height-default elementor-section-height-default\" data-id=\"2b242d3\" data-element_type=\"section\" data-e-type=\"section\">\n\t\t\t\t\t\t<div class=\"elementor-container elementor-column-gap-default\">\n\t\t\t\t\t<div class=\"elementor-column elementor-col-100 elementor-top-column elementor-element elementor-element-62b4c93\" data-id=\"62b4c93\" data-element_type=\"column\" data-e-type=\"column\">\n\t\t\t<div class=\"elementor-widget-wrap elementor-element-populated\">\n\t\t\t\t\t\t<div class=\"elementor-element elementor-element-12e688b elementor-invisible elementor-widget elementor-widget-text-editor\" data-id=\"12e688b\" data-element_type=\"widget\" data-e-type=\"widget\" data-settings=\"{&quot;_animation&quot;:&quot;fadeIn&quot;}\" data-widget_type=\"text-editor.default\">\n\t\t\t\t<div class=\"elementor-widget-container\">\n\t\t\t\t\t\t\t\t\t<p>A compreens\u00e3o do papel do advogado \u00e9 essencial para o pleno exerc\u00edcio da atividade, embora poucos no Brasil tenham consci\u00eancia de sua extens\u00e3o e relev\u00e2ncia.<\/p><p>Falar da advocacia empresarial no Brasil contempor\u00e2neo \u00e9 uma tarefa apaixonante! A ponto de sugerir alguma dose de hist\u00f3ria.<\/p><p>Desde o Imp\u00e9rio, surgiram brilhantes advogados e juristas brasileiros, sem que houvesse Ordem dos Advogados (constitu\u00edda em 1930). Era a \u00e9poca dos bachar\u00e9is, atentos \u00e0s necessidades de um Brasil em intensa ebuli\u00e7\u00e3o, em que os ideais positivistas e abolicionistas chocavam-se com o ran\u00e7o de uma sociedade escravocrata.<\/p><p>Foram protagonistas da advocacia privada, nesse tempo e nas primeiras d\u00e9cadas da Rep\u00fablica, Teixeira de Freitas, Cl\u00f3vis Bevilaqua, Ruy Barbosa, J. X. Carvalho de Mendon\u00e7a, Rodrigo Octavio e Eduardo Esp\u00ednola, que tiveram o m\u00e9rito de eternizar suas opini\u00f5es.<\/p><p>Por d\u00e9cadas, bons advogados de empresa tiveram sua atua\u00e7\u00e3o limitada pelo t\u00edmido desenvolvimento econ\u00f4mico brasileiro. Sem d\u00favida, a contribui\u00e7\u00e3o de Waldemar Ferreira, Spencer Vampr\u00e9 e Miranda Valverde seriam maiores se nossa economia apresentasse \u00e0quele tempo a pujan\u00e7a de pa\u00edses desenvolvidos.<\/p><p>Portanto, n\u00e3o \u00e9 exagero dizer que o perfil atual do advogado de neg\u00f3cios foi moldado muito recentemente no Brasil, seguramente a partir dos anos 1990, uma \u00e9poca de abertura da economia e, por consequ\u00eancia, do desenvolvimento de um fluxo de neg\u00f3cios privados que inundou o mercado dom\u00e9stico, potencializado com as privatiza\u00e7\u00f5es e com o ingresso substancial de divisas estrangeiras.<\/p><p>Curioso que, at\u00e9 aquela \u00e9poca, o advogado era estereotipado como profissional forense: a advocacia identificava-se com a atividade contenciosa levada a efeito perante os Tribunais e os advogados em geral isolavam-se em seu mundo jur\u00eddico, dialogando entre si ou trocando informa\u00e7\u00f5es com magistrados por meio do dialeto \u201cjuridiqu\u00eas\u201d.<\/p><p>As exce\u00e7\u00f5es eram os \u201cconsultores de empresa\u201d, para usar aqui uma express\u00e3o cunhada nos anos 1970 por Rubens Requi\u00e3o. Ainda assim, como profissionais embrenhados no dia a dia das empresas, os consultores desempenhavam fun\u00e7\u00e3o meramente acess\u00f3ria.<\/p><p>Para se trazer uma ideia desses tempos, vale reproduzir um testemunho do Ministro Luiz Fux, a prop\u00f3sito de sua experi\u00eancia como advogado da Shell, em aula proferida na Universidade do Estado do Rio de Janeiro no ano de 1997. Dizia o Ministro que, quando os advogados intervinham para dar sua opini\u00e3o sobre determinado contrato ou neg\u00f3cio, os executivos acautelavam-se imediatamente: \u201cL\u00e1 vem o pessoal do contra!\u201d.<\/p><p>Era praxe alimentar na forma\u00e7\u00e3o do advogado uma cultura de avers\u00e3o absoluta a risco. Para resguardar a tudo e a todos, o advogado simplesmente limitava-se a opinar contrariamente \u00e0 realiza\u00e7\u00e3o de dada opera\u00e7\u00e3o contratual, por vezes minando boas oportunidades de neg\u00f3cios.<\/p><p>No entanto, como se sabe, o risco \u00e9 da ess\u00eancia de qualquer empresa e, naturalmente, da pr\u00f3pria vida. Como ent\u00e3o negar sua exist\u00eancia?<\/p><p>Nas \u00faltimas duas d\u00e9cadas, o advogado de empresa brasileiro viu-se obrigado a ampliar seus horizontes. N\u00e3o mais basta conhecer o sistema normativo e bem aplicar os conceitos jur\u00eddicos.<\/p><p>O advogado deve p\u00f4r-se a campo como agente catalizador da celebra\u00e7\u00e3o de neg\u00f3cios e usar seu conhecimento para agregar valor aos interesses de seu cliente, seja por meio de solu\u00e7\u00f5es jur\u00eddicas eficientes, seja pela correta identifica\u00e7\u00e3o de riscos jur\u00eddicos, seguida da neutraliza\u00e7\u00e3o (ou minimiza\u00e7\u00e3o) de seus potenciais efeitos adversos.<\/p><p>Para esse fim, \u00e9 fundamental transitar por disciplinas afins ao Direito, como administra\u00e7\u00e3o de empresas, economia, contabilidade, finan\u00e7as e t\u00e9cnicas de negocia\u00e7\u00e3o.<\/p>\t\t\t\t\t\t\t\t<\/div>\n\t\t\t\t<\/div>\n\t\t\t\t\t<\/div>\n\t\t<\/div>\n\t\t\t\t\t<\/div>\n\t\t<\/section>\n\t\t\t\t<section class=\"elementor-section elementor-top-section elementor-element elementor-element-e2c1fa5 elementor-section-boxed elementor-section-height-default elementor-section-height-default\" data-id=\"e2c1fa5\" data-element_type=\"section\" data-e-type=\"section\" data-settings=\"{&quot;background_background&quot;:&quot;classic&quot;}\">\n\t\t\t\t\t\t<div class=\"elementor-container elementor-column-gap-default\">\n\t\t\t\t\t<div class=\"elementor-column elementor-col-100 elementor-top-column elementor-element elementor-element-a9639dd\" data-id=\"a9639dd\" data-element_type=\"column\" data-e-type=\"column\">\n\t\t\t<div class=\"elementor-widget-wrap elementor-element-populated\">\n\t\t\t\t\t\t<section class=\"elementor-section elementor-inner-section elementor-element elementor-element-7329b9c elementor-section-full_width elementor-section-height-default elementor-section-height-default elementor-invisible\" data-id=\"7329b9c\" data-element_type=\"section\" data-e-type=\"section\" data-settings=\"{&quot;background_background&quot;:&quot;classic&quot;,&quot;animation&quot;:&quot;fadeIn&quot;}\">\n\t\t\t\t\t\t<div class=\"elementor-container elementor-column-gap-default\">\n\t\t\t\t\t<div class=\"elementor-column elementor-col-100 elementor-inner-column elementor-element elementor-element-78b8127\" data-id=\"78b8127\" data-element_type=\"column\" data-e-type=\"column\">\n\t\t\t<div class=\"elementor-widget-wrap elementor-element-populated\">\n\t\t\t\t\t\t<div class=\"elementor-element elementor-element-acd5495 elementor-widget elementor-widget-heading\" data-id=\"acd5495\" data-element_type=\"widget\" data-e-type=\"widget\" data-widget_type=\"heading.default\">\n\t\t\t\t<div class=\"elementor-widget-container\">\n\t\t\t\t\t<h2 class=\"elementor-heading-title elementor-size-default\">A proposta de Moreira Menezes, Martins Advogados \u00e9 estar entre os l\u00edderes da advocacia de neg\u00f3cios no Brasil. Ter a consci\u00eancia do papel do advogado \u00e9 a nossa premissa.<\/h2>\t\t\t\t<\/div>\n\t\t\t\t<\/div>\n\t\t\t\t\t<\/div>\n\t\t<\/div>\n\t\t\t\t\t<\/div>\n\t\t<\/section>\n\t\t\t\t\t<\/div>\n\t\t<\/div>\n\t\t\t\t\t<\/div>\n\t\t<\/section>\n\t\t\t\t<\/div>\n\t\t","protected":false},"excerpt":{"rendered":"<p>Nos dom\u00ednios da Advocacia de Neg\u00f3cios: compreendendo o alcance da atividade. A compreens\u00e3o do papel do advogado \u00e9 essencial para o pleno exerc\u00edcio da atividade, embora poucos no Brasil tenham consci\u00eancia de sua extens\u00e3o e relev\u00e2ncia. Falar da advocacia empresarial no Brasil contempor\u00e2neo \u00e9 uma tarefa apaixonante! A ponto de sugerir alguma dose de hist\u00f3ria. [&hellip;]<\/p>\n","protected":false},"author":1,"featured_media":0,"parent":0,"menu_order":0,"comment_status":"closed","ping_status":"closed","template":"","meta":{"footnotes":""},"class_list":["post-45","page","type-page","status-publish","hentry"],"yoast_head":"<!-- This site is optimized with the Yoast SEO plugin v27.6 - https:\/\/yoast.com\/product\/yoast-seo-wordpress\/ -->\n<title>Advocacia de neg\u00f3cios - Moreira Menezes Martins<\/title>\n<meta name=\"robots\" content=\"index, follow, max-snippet:-1, max-image-preview:large, max-video-preview:-1\" \/>\n<link rel=\"canonical\" href=\"https:\/\/moreiramenezes.com.br\/en\/advocacia-de-negocios\/\" \/>\n<meta property=\"og:locale\" content=\"en_US\" \/>\n<meta property=\"og:type\" content=\"article\" \/>\n<meta property=\"og:title\" content=\"Advocacia de neg\u00f3cios - Moreira Menezes Martins\" \/>\n<meta property=\"og:description\" content=\"Nos dom\u00ednios da Advocacia de Neg\u00f3cios: compreendendo o alcance da atividade. A compreens\u00e3o do papel do advogado \u00e9 essencial para o pleno exerc\u00edcio da atividade, embora poucos no Brasil tenham consci\u00eancia de sua extens\u00e3o e relev\u00e2ncia. Falar da advocacia empresarial no Brasil contempor\u00e2neo \u00e9 uma tarefa apaixonante! A ponto de sugerir alguma dose de hist\u00f3ria. [&hellip;]\" \/>\n<meta property=\"og:url\" content=\"https:\/\/moreiramenezes.com.br\/en\/advocacia-de-negocios\/\" \/>\n<meta property=\"og:site_name\" content=\"Moreira Menezes Martins\" \/>\n<meta property=\"article:modified_time\" content=\"2020-09-21T15:30:48+00:00\" \/>\n<meta name=\"twitter:card\" content=\"summary_large_image\" \/>\n<meta name=\"twitter:label1\" content=\"Est. reading time\" \/>\n\t<meta name=\"twitter:data1\" content=\"3 minutes\" \/>\n<script type=\"application\/ld+json\" class=\"yoast-schema-graph\">{\"@context\":\"https:\\\/\\\/schema.org\",\"@graph\":[{\"@type\":\"WebPage\",\"@id\":\"https:\\\/\\\/moreiramenezes.com.br\\\/advocacia-de-negocios\\\/\",\"url\":\"https:\\\/\\\/moreiramenezes.com.br\\\/advocacia-de-negocios\\\/\",\"name\":\"Advocacia de neg\u00f3cios - Moreira Menezes Martins\",\"isPartOf\":{\"@id\":\"https:\\\/\\\/moreiramenezes.com.br\\\/#website\"},\"datePublished\":\"2020-08-20T21:36:14+00:00\",\"dateModified\":\"2020-09-21T15:30:48+00:00\",\"breadcrumb\":{\"@id\":\"https:\\\/\\\/moreiramenezes.com.br\\\/advocacia-de-negocios\\\/#breadcrumb\"},\"inLanguage\":\"en-US\",\"potentialAction\":[{\"@type\":\"ReadAction\",\"target\":[\"https:\\\/\\\/moreiramenezes.com.br\\\/advocacia-de-negocios\\\/\"]}]},{\"@type\":\"BreadcrumbList\",\"@id\":\"https:\\\/\\\/moreiramenezes.com.br\\\/advocacia-de-negocios\\\/#breadcrumb\",\"itemListElement\":[{\"@type\":\"ListItem\",\"position\":1,\"name\":\"In\u00edcio\",\"item\":\"https:\\\/\\\/moreiramenezes.com.br\\\/\"},{\"@type\":\"ListItem\",\"position\":2,\"name\":\"Advocacia de neg\u00f3cios\"}]},{\"@type\":\"WebSite\",\"@id\":\"https:\\\/\\\/moreiramenezes.com.br\\\/#website\",\"url\":\"https:\\\/\\\/moreiramenezes.com.br\\\/\",\"name\":\"Moreira Menezes Martins\",\"description\":\"Moreira Menezes Martins - Advogados\",\"potentialAction\":[{\"@type\":\"SearchAction\",\"target\":{\"@type\":\"EntryPoint\",\"urlTemplate\":\"https:\\\/\\\/moreiramenezes.com.br\\\/?s={search_term_string}\"},\"query-input\":{\"@type\":\"PropertyValueSpecification\",\"valueRequired\":true,\"valueName\":\"search_term_string\"}}],\"inLanguage\":\"en-US\"}]}<\/script>\n<!-- \/ Yoast SEO plugin. -->","yoast_head_json":{"title":"Advocacia de neg\u00f3cios - Moreira Menezes Martins","robots":{"index":"index","follow":"follow","max-snippet":"max-snippet:-1","max-image-preview":"max-image-preview:large","max-video-preview":"max-video-preview:-1"},"canonical":"https:\/\/moreiramenezes.com.br\/en\/advocacia-de-negocios\/","og_locale":"en_US","og_type":"article","og_title":"Advocacia de neg\u00f3cios - Moreira Menezes Martins","og_description":"Nos dom\u00ednios da Advocacia de Neg\u00f3cios: compreendendo o alcance da atividade. A compreens\u00e3o do papel do advogado \u00e9 essencial para o pleno exerc\u00edcio da atividade, embora poucos no Brasil tenham consci\u00eancia de sua extens\u00e3o e relev\u00e2ncia. Falar da advocacia empresarial no Brasil contempor\u00e2neo \u00e9 uma tarefa apaixonante! A ponto de sugerir alguma dose de hist\u00f3ria. [&hellip;]","og_url":"https:\/\/moreiramenezes.com.br\/en\/advocacia-de-negocios\/","og_site_name":"Moreira Menezes Martins","article_modified_time":"2020-09-21T15:30:48+00:00","twitter_card":"summary_large_image","twitter_misc":{"Est. reading time":"3 minutes"},"schema":{"@context":"https:\/\/schema.org","@graph":[{"@type":"WebPage","@id":"https:\/\/moreiramenezes.com.br\/advocacia-de-negocios\/","url":"https:\/\/moreiramenezes.com.br\/advocacia-de-negocios\/","name":"Advocacia de neg\u00f3cios - Moreira Menezes Martins","isPartOf":{"@id":"https:\/\/moreiramenezes.com.br\/#website"},"datePublished":"2020-08-20T21:36:14+00:00","dateModified":"2020-09-21T15:30:48+00:00","breadcrumb":{"@id":"https:\/\/moreiramenezes.com.br\/advocacia-de-negocios\/#breadcrumb"},"inLanguage":"en-US","potentialAction":[{"@type":"ReadAction","target":["https:\/\/moreiramenezes.com.br\/advocacia-de-negocios\/"]}]},{"@type":"BreadcrumbList","@id":"https:\/\/moreiramenezes.com.br\/advocacia-de-negocios\/#breadcrumb","itemListElement":[{"@type":"ListItem","position":1,"name":"In\u00edcio","item":"https:\/\/moreiramenezes.com.br\/"},{"@type":"ListItem","position":2,"name":"Advocacia de neg\u00f3cios"}]},{"@type":"WebSite","@id":"https:\/\/moreiramenezes.com.br\/#website","url":"https:\/\/moreiramenezes.com.br\/","name":"Moreira Menezes Martins","description":"Moreira Menezes Martins - Advogados","potentialAction":[{"@type":"SearchAction","target":{"@type":"EntryPoint","urlTemplate":"https:\/\/moreiramenezes.com.br\/?s={search_term_string}"},"query-input":{"@type":"PropertyValueSpecification","valueRequired":true,"valueName":"search_term_string"}}],"inLanguage":"en-US"}]}},"_links":{"self":[{"href":"https:\/\/moreiramenezes.com.br\/en\/wp-json\/wp\/v2\/pages\/45","targetHints":{"allow":["GET"]}}],"collection":[{"href":"https:\/\/moreiramenezes.com.br\/en\/wp-json\/wp\/v2\/pages"}],"about":[{"href":"https:\/\/moreiramenezes.com.br\/en\/wp-json\/wp\/v2\/types\/page"}],"author":[{"embeddable":true,"href":"https:\/\/moreiramenezes.com.br\/en\/wp-json\/wp\/v2\/users\/1"}],"replies":[{"embeddable":true,"href":"https:\/\/moreiramenezes.com.br\/en\/wp-json\/wp\/v2\/comments?post=45"}],"version-history":[{"count":0,"href":"https:\/\/moreiramenezes.com.br\/en\/wp-json\/wp\/v2\/pages\/45\/revisions"}],"wp:attachment":[{"href":"https:\/\/moreiramenezes.com.br\/en\/wp-json\/wp\/v2\/media?parent=45"}],"curies":[{"name":"wp","href":"https:\/\/api.w.org\/{rel}","templated":true}]}}