{"id":2230,"date":"2020-09-21T17:29:23","date_gmt":"2020-09-21T17:29:23","guid":{"rendered":"https:\/\/moreiramenezes.com\/?page_id=2230"},"modified":"2020-09-28T00:33:46","modified_gmt":"2020-09-28T00:33:46","slug":"pesquisa-e-desenvolvimento-na-area-do-direito","status":"publish","type":"page","link":"https:\/\/moreiramenezes.com.br\/en\/areas-de-atuacao\/pesquisa-e-desenvolvimento-na-area-do-direito\/","title":{"rendered":"Research and Development in the Area of Law"},"content":{"rendered":"<div data-elementor-type=\"wp-page\" data-elementor-id=\"2230\" class=\"elementor elementor-2230\" data-elementor-post-type=\"page\">\n\t\t\t\t\t\t<section class=\"elementor-section elementor-top-section elementor-element elementor-element-bc3eb10 elementor-section-content-middle elementor-section-height-min-height elementor-section-items-bottom elementor-section-boxed elementor-section-height-default\" data-id=\"bc3eb10\" data-element_type=\"section\" data-settings=\"{&quot;background_background&quot;:&quot;classic&quot;}\">\n\t\t\t\t\t\t\t<div class=\"elementor-background-overlay\"><\/div>\n\t\t\t\t\t\t\t<div class=\"elementor-container elementor-column-gap-default\">\n\t\t\t\t\t<div class=\"elementor-column elementor-col-50 elementor-top-column elementor-element elementor-element-10355b0\" data-id=\"10355b0\" data-element_type=\"column\">\n\t\t\t<div class=\"elementor-widget-wrap elementor-element-populated\">\n\t\t\t\t\t\t<section class=\"elementor-section elementor-inner-section elementor-element elementor-element-f34740b elementor-section-full_width elementor-section-height-default elementor-section-height-default elementor-invisible\" data-id=\"f34740b\" data-element_type=\"section\" data-settings=\"{&quot;background_background&quot;:&quot;classic&quot;,&quot;animation&quot;:&quot;fadeIn&quot;}\">\n\t\t\t\t\t\t<div class=\"elementor-container elementor-column-gap-default\">\n\t\t\t\t\t<div class=\"elementor-column elementor-col-100 elementor-inner-column elementor-element elementor-element-d4649c6\" data-id=\"d4649c6\" data-element_type=\"column\">\n\t\t\t<div class=\"elementor-widget-wrap elementor-element-populated\">\n\t\t\t\t\t\t<div class=\"elementor-element elementor-element-a640cb0 elementor-widget elementor-widget-heading\" data-id=\"a640cb0\" data-element_type=\"widget\" data-widget_type=\"heading.default\">\n\t\t\t\t<div class=\"elementor-widget-container\">\n\t\t\t<h2 class=\"elementor-heading-title elementor-size-default\"><strong>Pro Bono Activities <\/strong><\/h2>\t\t<\/div>\n\t\t\t\t<\/div>\n\t\t\t\t\t<\/div>\n\t\t<\/div>\n\t\t\t\t\t<\/div>\n\t\t<\/section>\n\t\t\t\t\t<\/div>\n\t\t<\/div>\n\t\t\t\t<div class=\"elementor-column elementor-col-50 elementor-top-column elementor-element elementor-element-64ad8ba\" data-id=\"64ad8ba\" data-element_type=\"column\">\n\t\t\t<div class=\"elementor-widget-wrap\">\n\t\t\t\t\t\t\t<\/div>\n\t\t<\/div>\n\t\t\t\t\t<\/div>\n\t\t<\/section>\n\t\t\t\t<section class=\"elementor-section elementor-top-section elementor-element elementor-element-8484c69 elementor-section-boxed elementor-section-height-default elementor-section-height-default\" data-id=\"8484c69\" data-element_type=\"section\">\n\t\t\t\t\t\t<div class=\"elementor-container elementor-column-gap-default\">\n\t\t\t\t\t<div class=\"elementor-column elementor-col-100 elementor-top-column elementor-element elementor-element-549fac5\" data-id=\"549fac5\" data-element_type=\"column\" data-settings=\"{&quot;background_background&quot;:&quot;classic&quot;}\">\n\t\t\t<div class=\"elementor-widget-wrap elementor-element-populated\">\n\t\t\t\t\t\t<div class=\"elementor-element elementor-element-8b59feb elementor-align-left elementor-icon-list--layout-traditional elementor-list-item-link-full_width elementor-widget elementor-widget-icon-list\" data-id=\"8b59feb\" data-element_type=\"widget\" data-widget_type=\"icon-list.default\">\n\t\t\t\t<div class=\"elementor-widget-container\">\n\t\t\t\t\t<ul class=\"elementor-icon-list-items\">\n\t\t\t\t\t\t\t<li class=\"elementor-icon-list-item\">\n\t\t\t\t\t\t\t\t\t\t\t<span class=\"elementor-icon-list-icon\">\n\t\t\t\t\t\t\t<svg aria-hidden=\"true\" class=\"e-font-icon-svg e-fas-square-full\" viewbox=\"0 0 512 512\" xmlns=\"http:\/\/www.w3.org\/2000\/svg\"><path d=\"M512 512H0V0h512v512z\"><\/path><\/svg>\t\t\t\t\t\t<\/span>\n\t\t\t\t\t\t\t\t\t\t<span class=\"elementor-icon-list-text\">Research and Development in the Area of Law<\/span>\n\t\t\t\t\t\t\t\t\t<\/li>\n\t\t\t\t\t\t<\/ul>\n\t\t\t\t<\/div>\n\t\t\t\t<\/div>\n\t\t\t\t<div class=\"elementor-element elementor-element-c561b43 elementor-widget elementor-widget-text-editor\" data-id=\"c561b43\" data-element_type=\"widget\" data-widget_type=\"text-editor.default\">\n\t\t\t\t<div class=\"elementor-widget-container\">\n\t\t\t\t\t\t\t<p>REVISTA SEMESTRAL DE DIREITO EMPRESARIAL [Semiannual Business Law Review<br \/><br \/>The Firm sponsors Revista Semestral de Direito Empresarial, edited by Mauricio Moreira Menezes, partner and professor at Rio de Janeiro State University (UERJ) Law School, along with Professor Sergio Campinho.<br \/><br \/>Revista Semestral de Direito Empresarial (RSDE), published since 2007 by Editora Renovar, has the purpose of gathering articles and studies related to the full range of corporate law, presented by Brazilian and foreign law professors, researchers and practitioners. Among the areas covered are bankruptcy and reorganization, international trade, antitrust and intellectual property.<\/p>\t\t\t\t\t\t<\/div>\n\t\t\t\t<\/div>\n\t\t\t\t\t<\/div>\n\t\t<\/div>\n\t\t\t\t\t<\/div>\n\t\t<\/section>\n\t\t\t\t<\/div>","protected":false},"excerpt":{"rendered":"<p>Atua\u00e7\u00e3o Pro Bono Pesquisa e Desenvolvimento na \u00c1rea do Direito REVISTA SEMESTRAL DE DIREITO EMPRESARIAL O Escrit\u00f3rio patrocina a Revista Semestral de Direito Empresarial, editada pelo s\u00f3cio e professor da UERJ, Mauricio Moreira Menezes, em conjunto com o Prof. Sergio Campinho. A Revista Semestral de Direito Empresarial (RSDE), publicada desde o ano de 2007 pela [&hellip;]<\/p>","protected":false},"author":1,"featured_media":0,"parent":47,"menu_order":0,"comment_status":"closed","ping_status":"closed","template":"","meta":{"footnotes":""},"class_list":["post-2230","page","type-page","status-publish","hentry"],"yoast_head":"<!-- This site is optimized with the Yoast SEO plugin v26.9 - https:\/\/yoast.com\/product\/yoast-seo-wordpress\/ -->\n<title>Pesquisa e Desenvolvimento na \u00c1rea do Direito - Moreira Menezes Martins<\/title>\n<meta name=\"robots\" content=\"index, follow, max-snippet:-1, max-image-preview:large, max-video-preview:-1\" \/>\n<link rel=\"canonical\" href=\"http:\/\/moreiramenezes.com.br\/en\/areas-de-atuacao\/pesquisa-e-desenvolvimento-na-area-do-direito\/\" \/>\n<meta property=\"og:locale\" content=\"en_US\" \/>\n<meta property=\"og:type\" content=\"article\" \/>\n<meta property=\"og:title\" content=\"Pesquisa e Desenvolvimento na \u00c1rea do Direito - Moreira Menezes Martins\" \/>\n<meta property=\"og:description\" content=\"Atua\u00e7\u00e3o Pro Bono Pesquisa e Desenvolvimento na \u00c1rea do Direito REVISTA SEMESTRAL DE DIREITO EMPRESARIAL O Escrit\u00f3rio patrocina a Revista Semestral de Direito Empresarial, editada pelo s\u00f3cio e professor da UERJ, Mauricio Moreira Menezes, em conjunto com o Prof. Sergio Campinho. A Revista Semestral de Direito Empresarial (RSDE), publicada desde o ano de 2007 pela [&hellip;]\" \/>\n<meta property=\"og:url\" content=\"http:\/\/moreiramenezes.com.br\/en\/areas-de-atuacao\/pesquisa-e-desenvolvimento-na-area-do-direito\/\" \/>\n<meta property=\"og:site_name\" content=\"Moreira Menezes Martins\" \/>\n<meta property=\"article:modified_time\" content=\"2020-09-28T00:33:46+00:00\" \/>\n<meta name=\"twitter:card\" content=\"summary_large_image\" \/>\n<meta name=\"twitter:label1\" content=\"Est. reading time\" \/>\n\t<meta name=\"twitter:data1\" content=\"1 minute\" \/>\n<script type=\"application\/ld+json\" class=\"yoast-schema-graph\">{\"@context\":\"https:\/\/schema.org\",\"@graph\":[{\"@type\":\"WebPage\",\"@id\":\"http:\/\/moreiramenezes.com.br\/en\/areas-de-atuacao\/pesquisa-e-desenvolvimento-na-area-do-direito\/\",\"url\":\"http:\/\/moreiramenezes.com.br\/en\/areas-de-atuacao\/pesquisa-e-desenvolvimento-na-area-do-direito\/\",\"name\":\"Pesquisa e Desenvolvimento na \u00c1rea do Direito - Moreira Menezes Martins\",\"isPartOf\":{\"@id\":\"https:\/\/moreiramenezes.com.br\/#website\"},\"datePublished\":\"2020-09-21T17:29:23+00:00\",\"dateModified\":\"2020-09-28T00:33:46+00:00\",\"breadcrumb\":{\"@id\":\"http:\/\/moreiramenezes.com.br\/en\/areas-de-atuacao\/pesquisa-e-desenvolvimento-na-area-do-direito\/#breadcrumb\"},\"inLanguage\":\"en-US\",\"potentialAction\":[{\"@type\":\"ReadAction\",\"target\":[\"http:\/\/moreiramenezes.com.br\/en\/areas-de-atuacao\/pesquisa-e-desenvolvimento-na-area-do-direito\/\"]}]},{\"@type\":\"BreadcrumbList\",\"@id\":\"http:\/\/moreiramenezes.com.br\/en\/areas-de-atuacao\/pesquisa-e-desenvolvimento-na-area-do-direito\/#breadcrumb\",\"itemListElement\":[{\"@type\":\"ListItem\",\"position\":1,\"name\":\"In\u00edcio\",\"item\":\"https:\/\/moreiramenezes.com.br\/\"},{\"@type\":\"ListItem\",\"position\":2,\"name\":\"\u00c1reas de atua\u00e7\u00e3o\",\"item\":\"http:\/\/moreiramenezes.com.br\/en\/areas-de-atuacao\/\"},{\"@type\":\"ListItem\",\"position\":3,\"name\":\"Pesquisa e Desenvolvimento na \u00c1rea do Direito\"}]},{\"@type\":\"WebSite\",\"@id\":\"https:\/\/moreiramenezes.com.br\/#website\",\"url\":\"https:\/\/moreiramenezes.com.br\/\",\"name\":\"Moreira Menezes Martins\",\"description\":\"Moreira Menezes Martins - Advogados\",\"potentialAction\":[{\"@type\":\"SearchAction\",\"target\":{\"@type\":\"EntryPoint\",\"urlTemplate\":\"https:\/\/moreiramenezes.com.br\/?s={search_term_string}\"},\"query-input\":{\"@type\":\"PropertyValueSpecification\",\"valueRequired\":true,\"valueName\":\"search_term_string\"}}],\"inLanguage\":\"en-US\"}]}<\/script>\n<!-- \/ Yoast SEO plugin. -->","yoast_head_json":{"title":"Pesquisa e Desenvolvimento na \u00c1rea do Direito - Moreira Menezes Martins","robots":{"index":"index","follow":"follow","max-snippet":"max-snippet:-1","max-image-preview":"max-image-preview:large","max-video-preview":"max-video-preview:-1"},"canonical":"http:\/\/moreiramenezes.com.br\/en\/areas-de-atuacao\/pesquisa-e-desenvolvimento-na-area-do-direito\/","og_locale":"en_US","og_type":"article","og_title":"Pesquisa e Desenvolvimento na \u00c1rea do Direito - Moreira Menezes Martins","og_description":"Atua\u00e7\u00e3o Pro Bono Pesquisa e Desenvolvimento na \u00c1rea do Direito REVISTA SEMESTRAL DE DIREITO EMPRESARIAL O Escrit\u00f3rio patrocina a Revista Semestral de Direito Empresarial, editada pelo s\u00f3cio e professor da UERJ, Mauricio Moreira Menezes, em conjunto com o Prof. Sergio Campinho. A Revista Semestral de Direito Empresarial (RSDE), publicada desde o ano de 2007 pela [&hellip;]","og_url":"http:\/\/moreiramenezes.com.br\/en\/areas-de-atuacao\/pesquisa-e-desenvolvimento-na-area-do-direito\/","og_site_name":"Moreira Menezes Martins","article_modified_time":"2020-09-28T00:33:46+00:00","twitter_card":"summary_large_image","twitter_misc":{"Est. reading time":"1 minute"},"schema":{"@context":"https:\/\/schema.org","@graph":[{"@type":"WebPage","@id":"http:\/\/moreiramenezes.com.br\/en\/areas-de-atuacao\/pesquisa-e-desenvolvimento-na-area-do-direito\/","url":"http:\/\/moreiramenezes.com.br\/en\/areas-de-atuacao\/pesquisa-e-desenvolvimento-na-area-do-direito\/","name":"Pesquisa e Desenvolvimento na \u00c1rea do Direito - Moreira Menezes Martins","isPartOf":{"@id":"https:\/\/moreiramenezes.com.br\/#website"},"datePublished":"2020-09-21T17:29:23+00:00","dateModified":"2020-09-28T00:33:46+00:00","breadcrumb":{"@id":"http:\/\/moreiramenezes.com.br\/en\/areas-de-atuacao\/pesquisa-e-desenvolvimento-na-area-do-direito\/#breadcrumb"},"inLanguage":"en-US","potentialAction":[{"@type":"ReadAction","target":["http:\/\/moreiramenezes.com.br\/en\/areas-de-atuacao\/pesquisa-e-desenvolvimento-na-area-do-direito\/"]}]},{"@type":"BreadcrumbList","@id":"http:\/\/moreiramenezes.com.br\/en\/areas-de-atuacao\/pesquisa-e-desenvolvimento-na-area-do-direito\/#breadcrumb","itemListElement":[{"@type":"ListItem","position":1,"name":"In\u00edcio","item":"https:\/\/moreiramenezes.com.br\/"},{"@type":"ListItem","position":2,"name":"\u00c1reas de atua\u00e7\u00e3o","item":"http:\/\/moreiramenezes.com.br\/en\/areas-de-atuacao\/"},{"@type":"ListItem","position":3,"name":"Pesquisa e Desenvolvimento na \u00c1rea do Direito"}]},{"@type":"WebSite","@id":"https:\/\/moreiramenezes.com.br\/#website","url":"https:\/\/moreiramenezes.com.br\/","name":"Moreira Menezes Martins","description":"Moreira Menezes Martins - Advogados","potentialAction":[{"@type":"SearchAction","target":{"@type":"EntryPoint","urlTemplate":"https:\/\/moreiramenezes.com.br\/?s={search_term_string}"},"query-input":{"@type":"PropertyValueSpecification","valueRequired":true,"valueName":"search_term_string"}}],"inLanguage":"en-US"}]}},"_links":{"self":[{"href":"https:\/\/moreiramenezes.com.br\/en\/wp-json\/wp\/v2\/pages\/2230","targetHints":{"allow":["GET"]}}],"collection":[{"href":"https:\/\/moreiramenezes.com.br\/en\/wp-json\/wp\/v2\/pages"}],"about":[{"href":"https:\/\/moreiramenezes.com.br\/en\/wp-json\/wp\/v2\/types\/page"}],"author":[{"embeddable":true,"href":"https:\/\/moreiramenezes.com.br\/en\/wp-json\/wp\/v2\/users\/1"}],"replies":[{"embeddable":true,"href":"https:\/\/moreiramenezes.com.br\/en\/wp-json\/wp\/v2\/comments?post=2230"}],"version-history":[{"count":0,"href":"https:\/\/moreiramenezes.com.br\/en\/wp-json\/wp\/v2\/pages\/2230\/revisions"}],"up":[{"embeddable":true,"href":"https:\/\/moreiramenezes.com.br\/en\/wp-json\/wp\/v2\/pages\/47"}],"wp:attachment":[{"href":"https:\/\/moreiramenezes.com.br\/en\/wp-json\/wp\/v2\/media?parent=2230"}],"curies":[{"name":"wp","href":"https:\/\/api.w.org\/{rel}","templated":true}]}}