{"id":2228,"date":"2020-09-21T17:28:36","date_gmt":"2020-09-21T17:28:36","guid":{"rendered":"https:\/\/moreiramenezes.com\/?page_id=2228"},"modified":"2020-09-30T01:37:38","modified_gmt":"2020-09-30T01:37:38","slug":"arbitragem-e-mediacao","status":"publish","type":"page","link":"https:\/\/moreiramenezes.com.br\/en\/areas-de-atuacao\/arbitragem-e-mediacao\/","title":{"rendered":"Arbitration and Mediation"},"content":{"rendered":"<div data-elementor-type=\"wp-page\" data-elementor-id=\"2228\" class=\"elementor elementor-2228\" data-elementor-post-type=\"page\">\n\t\t\t\t\t\t<section class=\"elementor-section elementor-top-section elementor-element elementor-element-4fcaa4b elementor-section-content-middle elementor-section-height-min-height elementor-section-items-bottom elementor-section-boxed elementor-section-height-default\" data-id=\"4fcaa4b\" data-element_type=\"section\" data-settings=\"{&quot;background_background&quot;:&quot;classic&quot;}\">\n\t\t\t\t\t\t\t<div class=\"elementor-background-overlay\"><\/div>\n\t\t\t\t\t\t\t<div class=\"elementor-container elementor-column-gap-default\">\n\t\t\t\t\t<div class=\"elementor-column elementor-col-50 elementor-top-column elementor-element elementor-element-798a35f\" data-id=\"798a35f\" data-element_type=\"column\">\n\t\t\t<div class=\"elementor-widget-wrap elementor-element-populated\">\n\t\t\t\t\t\t<section class=\"elementor-section elementor-inner-section elementor-element elementor-element-99d9c95 elementor-section-full_width elementor-section-height-default elementor-section-height-default elementor-invisible\" data-id=\"99d9c95\" data-element_type=\"section\" data-settings=\"{&quot;background_background&quot;:&quot;classic&quot;,&quot;animation&quot;:&quot;fadeIn&quot;}\">\n\t\t\t\t\t\t<div class=\"elementor-container elementor-column-gap-default\">\n\t\t\t\t\t<div class=\"elementor-column elementor-col-100 elementor-inner-column elementor-element elementor-element-e456440\" data-id=\"e456440\" data-element_type=\"column\">\n\t\t\t<div class=\"elementor-widget-wrap elementor-element-populated\">\n\t\t\t\t\t\t<div class=\"elementor-element elementor-element-1773dad elementor-widget elementor-widget-heading\" data-id=\"1773dad\" data-element_type=\"widget\" data-widget_type=\"heading.default\">\n\t\t\t\t<div class=\"elementor-widget-container\">\n\t\t\t<h2 class=\"elementor-heading-title elementor-size-default\"><strong>Litigation<\/strong><\/h2>\t\t<\/div>\n\t\t\t\t<\/div>\n\t\t\t\t\t<\/div>\n\t\t<\/div>\n\t\t\t\t\t<\/div>\n\t\t<\/section>\n\t\t\t\t\t<\/div>\n\t\t<\/div>\n\t\t\t\t<div class=\"elementor-column elementor-col-50 elementor-top-column elementor-element elementor-element-03f346b\" data-id=\"03f346b\" data-element_type=\"column\">\n\t\t\t<div class=\"elementor-widget-wrap\">\n\t\t\t\t\t\t\t<\/div>\n\t\t<\/div>\n\t\t\t\t\t<\/div>\n\t\t<\/section>\n\t\t\t\t<section class=\"elementor-section elementor-top-section elementor-element elementor-element-6e33991 elementor-section-boxed elementor-section-height-default elementor-section-height-default\" data-id=\"6e33991\" data-element_type=\"section\">\n\t\t\t\t\t\t<div class=\"elementor-container elementor-column-gap-default\">\n\t\t\t\t\t<div class=\"elementor-column elementor-col-100 elementor-top-column elementor-element elementor-element-ebe7d94\" data-id=\"ebe7d94\" data-element_type=\"column\" data-settings=\"{&quot;background_background&quot;:&quot;classic&quot;}\">\n\t\t\t<div class=\"elementor-widget-wrap elementor-element-populated\">\n\t\t\t\t\t\t<div class=\"elementor-element elementor-element-5cc411b elementor-align-left elementor-icon-list--layout-traditional elementor-list-item-link-full_width elementor-widget elementor-widget-icon-list\" data-id=\"5cc411b\" data-element_type=\"widget\" data-widget_type=\"icon-list.default\">\n\t\t\t\t<div class=\"elementor-widget-container\">\n\t\t\t\t\t<ul class=\"elementor-icon-list-items\">\n\t\t\t\t\t\t\t<li class=\"elementor-icon-list-item\">\n\t\t\t\t\t\t\t\t\t\t\t<span class=\"elementor-icon-list-icon\">\n\t\t\t\t\t\t\t<svg aria-hidden=\"true\" class=\"e-font-icon-svg e-fas-square-full\" viewbox=\"0 0 512 512\" xmlns=\"http:\/\/www.w3.org\/2000\/svg\"><path d=\"M512 512H0V0h512v512z\"><\/path><\/svg>\t\t\t\t\t\t<\/span>\n\t\t\t\t\t\t\t\t\t\t<span class=\"elementor-icon-list-text\">Arbitration and Mediation<\/span>\n\t\t\t\t\t\t\t\t\t<\/li>\n\t\t\t\t\t\t<\/ul>\n\t\t\t\t<\/div>\n\t\t\t\t<\/div>\n\t\t\t\t<div class=\"elementor-element elementor-element-e61f4aa elementor-widget elementor-widget-text-editor\" data-id=\"e61f4aa\" data-element_type=\"widget\" data-widget_type=\"text-editor.default\">\n\t\t\t\t<div class=\"elementor-widget-container\">\n\t\t\t\t\t\t\t<p class=\"translation-block\">The Firm\u2019s lawyers have experience in alternative dispute resolution, by means of arbitration and mediation.\n\nThis practice includes:<\/p><ul><li>Drafting of arbitral clauses and agreements<\/li><li>Coordination of multidisciplinary teams to participate in the arbitration, according to the specifics of the case<\/li><li>Representation before arbitral tribunals in Brazil and abroad, as well as to obtain recognition and enforcement of foreign arbitral awards<\/li><li>Conduction of mediation, including the respective negotiations.<\/li><\/ul>\t\t\t\t\t\t<\/div>\n\t\t\t\t<\/div>\n\t\t\t\t\t<\/div>\n\t\t<\/div>\n\t\t\t\t\t<\/div>\n\t\t<\/section>\n\t\t\t\t<section class=\"elementor-section elementor-top-section elementor-element elementor-element-bc99b81 elementor-section-boxed elementor-section-height-default elementor-section-height-default\" data-id=\"bc99b81\" data-element_type=\"section\">\n\t\t\t\t\t\t<div class=\"elementor-container elementor-column-gap-default\">\n\t\t\t\t\t<div class=\"elementor-column elementor-col-100 elementor-top-column elementor-element elementor-element-3bdd7f1\" data-id=\"3bdd7f1\" data-element_type=\"column\" data-settings=\"{&quot;background_background&quot;:&quot;classic&quot;}\">\n\t\t\t<div class=\"elementor-widget-wrap elementor-element-populated\">\n\t\t\t\t\t\t<div class=\"elementor-element elementor-element-88ae061 elementor-align-left elementor-icon-list--layout-traditional elementor-list-item-link-full_width elementor-widget elementor-widget-icon-list\" data-id=\"88ae061\" data-element_type=\"widget\" data-widget_type=\"icon-list.default\">\n\t\t\t\t<div class=\"elementor-widget-container\">\n\t\t\t\t\t<ul class=\"elementor-icon-list-items\">\n\t\t\t\t\t\t\t<li class=\"elementor-icon-list-item\">\n\t\t\t\t\t\t\t\t\t\t\t<span class=\"elementor-icon-list-icon\">\n\t\t\t\t\t\t\t<svg aria-hidden=\"true\" class=\"e-font-icon-svg e-fas-square-full\" viewbox=\"0 0 512 512\" xmlns=\"http:\/\/www.w3.org\/2000\/svg\"><path d=\"M512 512H0V0h512v512z\"><\/path><\/svg>\t\t\t\t\t\t<\/span>\n\t\t\t\t\t\t\t\t\t\t<span class=\"elementor-icon-list-text\">Judicial<\/span>\n\t\t\t\t\t\t\t\t\t<\/li>\n\t\t\t\t\t\t<\/ul>\n\t\t\t\t<\/div>\n\t\t\t\t<\/div>\n\t\t\t\t<div class=\"elementor-element elementor-element-ad05083 elementor-widget elementor-widget-text-editor\" data-id=\"ad05083\" data-element_type=\"widget\" data-widget_type=\"text-editor.default\">\n\t\t\t\t<div class=\"elementor-widget-container\">\n\t\t\t\t\t\t\t<p>The Firm\u00b4s lawyers have experience in representing clients in legal actions involving corporate law at all judicial levels, including the highest courts in Bras\u00edlia, either on appeal or in situations where the these courts have original jurisdiction. Among the matters are disputes over shareholder agreements, annulment of general meeting resolutions, capital increases, right of appraisal, right of oversight, dissolution of companies, distribution of dividends, participation on boards (board of directors, executive board and oversight board), judicial revision of contracts, measures against public authorities (mandamus actions, declaratory suits), urgent relief, reorganization and bankruptcy and recognition\/enforcement of foreign court and arbitral awards.<\/p>\t\t\t\t\t\t<\/div>\n\t\t\t\t<\/div>\n\t\t\t\t\t<\/div>\n\t\t<\/div>\n\t\t\t\t\t<\/div>\n\t\t<\/section>\n\t\t\t\t<\/div>","protected":false},"excerpt":{"rendered":"<p>Contencioso Arbitragem e Media\u00e7\u00e3o Os advogados do Escrit\u00f3rio possuem experi\u00eancia na resolu\u00e7\u00e3o de conflitos por meio de procedimentos alternativos ao lit\u00edgio judicial, por meio da arbitragem e da media\u00e7\u00e3o. A atividade do Escrit\u00f3rio abrange: Elabora\u00e7\u00e3o de compromissos arbitrais; Coordena\u00e7\u00e3o de equipe multidisciplinar para a condu\u00e7\u00e3o da arbitragem, conforme pr\u00e9via avalia\u00e7\u00e3o das especificidades do caso; Representa\u00e7\u00e3o [&hellip;]<\/p>","protected":false},"author":1,"featured_media":0,"parent":47,"menu_order":0,"comment_status":"closed","ping_status":"closed","template":"","meta":{"footnotes":""},"class_list":["post-2228","page","type-page","status-publish","hentry"],"yoast_head":"<!-- This site is optimized with the Yoast SEO plugin v26.9 - https:\/\/yoast.com\/product\/yoast-seo-wordpress\/ -->\n<title>Arbitragem e Media\u00e7\u00e3o - Moreira Menezes Martins<\/title>\n<meta name=\"robots\" content=\"index, follow, max-snippet:-1, max-image-preview:large, max-video-preview:-1\" \/>\n<link rel=\"canonical\" href=\"http:\/\/moreiramenezes.com.br\/en\/areas-de-atuacao\/arbitragem-e-mediacao\/\" \/>\n<meta property=\"og:locale\" content=\"en_US\" \/>\n<meta property=\"og:type\" content=\"article\" \/>\n<meta property=\"og:title\" content=\"Arbitragem e Media\u00e7\u00e3o - Moreira Menezes Martins\" \/>\n<meta property=\"og:description\" content=\"Contencioso Arbitragem e Media\u00e7\u00e3o Os advogados do Escrit\u00f3rio possuem experi\u00eancia na resolu\u00e7\u00e3o de conflitos por meio de procedimentos alternativos ao lit\u00edgio judicial, por meio da arbitragem e da media\u00e7\u00e3o. A atividade do Escrit\u00f3rio abrange: Elabora\u00e7\u00e3o de compromissos arbitrais; Coordena\u00e7\u00e3o de equipe multidisciplinar para a condu\u00e7\u00e3o da arbitragem, conforme pr\u00e9via avalia\u00e7\u00e3o das especificidades do caso; Representa\u00e7\u00e3o [&hellip;]\" \/>\n<meta property=\"og:url\" content=\"http:\/\/moreiramenezes.com.br\/en\/areas-de-atuacao\/arbitragem-e-mediacao\/\" \/>\n<meta property=\"og:site_name\" content=\"Moreira Menezes Martins\" \/>\n<meta property=\"article:modified_time\" content=\"2020-09-30T01:37:38+00:00\" \/>\n<meta name=\"twitter:card\" content=\"summary_large_image\" \/>\n<meta name=\"twitter:label1\" content=\"Est. reading time\" \/>\n\t<meta name=\"twitter:data1\" content=\"1 minute\" \/>\n<script type=\"application\/ld+json\" class=\"yoast-schema-graph\">{\"@context\":\"https:\/\/schema.org\",\"@graph\":[{\"@type\":\"WebPage\",\"@id\":\"http:\/\/moreiramenezes.com.br\/en\/areas-de-atuacao\/arbitragem-e-mediacao\/\",\"url\":\"http:\/\/moreiramenezes.com.br\/en\/areas-de-atuacao\/arbitragem-e-mediacao\/\",\"name\":\"Arbitragem e Media\u00e7\u00e3o - Moreira Menezes Martins\",\"isPartOf\":{\"@id\":\"https:\/\/moreiramenezes.com.br\/#website\"},\"datePublished\":\"2020-09-21T17:28:36+00:00\",\"dateModified\":\"2020-09-30T01:37:38+00:00\",\"breadcrumb\":{\"@id\":\"http:\/\/moreiramenezes.com.br\/en\/areas-de-atuacao\/arbitragem-e-mediacao\/#breadcrumb\"},\"inLanguage\":\"en-US\",\"potentialAction\":[{\"@type\":\"ReadAction\",\"target\":[\"http:\/\/moreiramenezes.com.br\/en\/areas-de-atuacao\/arbitragem-e-mediacao\/\"]}]},{\"@type\":\"BreadcrumbList\",\"@id\":\"http:\/\/moreiramenezes.com.br\/en\/areas-de-atuacao\/arbitragem-e-mediacao\/#breadcrumb\",\"itemListElement\":[{\"@type\":\"ListItem\",\"position\":1,\"name\":\"In\u00edcio\",\"item\":\"https:\/\/moreiramenezes.com.br\/\"},{\"@type\":\"ListItem\",\"position\":2,\"name\":\"\u00c1reas de atua\u00e7\u00e3o\",\"item\":\"http:\/\/moreiramenezes.com.br\/en\/areas-de-atuacao\/\"},{\"@type\":\"ListItem\",\"position\":3,\"name\":\"Arbitragem e Media\u00e7\u00e3o\"}]},{\"@type\":\"WebSite\",\"@id\":\"https:\/\/moreiramenezes.com.br\/#website\",\"url\":\"https:\/\/moreiramenezes.com.br\/\",\"name\":\"Moreira Menezes Martins\",\"description\":\"Moreira Menezes Martins - Advogados\",\"potentialAction\":[{\"@type\":\"SearchAction\",\"target\":{\"@type\":\"EntryPoint\",\"urlTemplate\":\"https:\/\/moreiramenezes.com.br\/?s={search_term_string}\"},\"query-input\":{\"@type\":\"PropertyValueSpecification\",\"valueRequired\":true,\"valueName\":\"search_term_string\"}}],\"inLanguage\":\"en-US\"}]}<\/script>\n<!-- \/ Yoast SEO plugin. -->","yoast_head_json":{"title":"Arbitragem e Media\u00e7\u00e3o - Moreira Menezes Martins","robots":{"index":"index","follow":"follow","max-snippet":"max-snippet:-1","max-image-preview":"max-image-preview:large","max-video-preview":"max-video-preview:-1"},"canonical":"http:\/\/moreiramenezes.com.br\/en\/areas-de-atuacao\/arbitragem-e-mediacao\/","og_locale":"en_US","og_type":"article","og_title":"Arbitragem e Media\u00e7\u00e3o - Moreira Menezes Martins","og_description":"Contencioso Arbitragem e Media\u00e7\u00e3o Os advogados do Escrit\u00f3rio possuem experi\u00eancia na resolu\u00e7\u00e3o de conflitos por meio de procedimentos alternativos ao lit\u00edgio judicial, por meio da arbitragem e da media\u00e7\u00e3o. A atividade do Escrit\u00f3rio abrange: Elabora\u00e7\u00e3o de compromissos arbitrais; Coordena\u00e7\u00e3o de equipe multidisciplinar para a condu\u00e7\u00e3o da arbitragem, conforme pr\u00e9via avalia\u00e7\u00e3o das especificidades do caso; Representa\u00e7\u00e3o [&hellip;]","og_url":"http:\/\/moreiramenezes.com.br\/en\/areas-de-atuacao\/arbitragem-e-mediacao\/","og_site_name":"Moreira Menezes Martins","article_modified_time":"2020-09-30T01:37:38+00:00","twitter_card":"summary_large_image","twitter_misc":{"Est. reading time":"1 minute"},"schema":{"@context":"https:\/\/schema.org","@graph":[{"@type":"WebPage","@id":"http:\/\/moreiramenezes.com.br\/en\/areas-de-atuacao\/arbitragem-e-mediacao\/","url":"http:\/\/moreiramenezes.com.br\/en\/areas-de-atuacao\/arbitragem-e-mediacao\/","name":"Arbitragem e Media\u00e7\u00e3o - Moreira Menezes Martins","isPartOf":{"@id":"https:\/\/moreiramenezes.com.br\/#website"},"datePublished":"2020-09-21T17:28:36+00:00","dateModified":"2020-09-30T01:37:38+00:00","breadcrumb":{"@id":"http:\/\/moreiramenezes.com.br\/en\/areas-de-atuacao\/arbitragem-e-mediacao\/#breadcrumb"},"inLanguage":"en-US","potentialAction":[{"@type":"ReadAction","target":["http:\/\/moreiramenezes.com.br\/en\/areas-de-atuacao\/arbitragem-e-mediacao\/"]}]},{"@type":"BreadcrumbList","@id":"http:\/\/moreiramenezes.com.br\/en\/areas-de-atuacao\/arbitragem-e-mediacao\/#breadcrumb","itemListElement":[{"@type":"ListItem","position":1,"name":"In\u00edcio","item":"https:\/\/moreiramenezes.com.br\/"},{"@type":"ListItem","position":2,"name":"\u00c1reas de atua\u00e7\u00e3o","item":"http:\/\/moreiramenezes.com.br\/en\/areas-de-atuacao\/"},{"@type":"ListItem","position":3,"name":"Arbitragem e Media\u00e7\u00e3o"}]},{"@type":"WebSite","@id":"https:\/\/moreiramenezes.com.br\/#website","url":"https:\/\/moreiramenezes.com.br\/","name":"Moreira Menezes Martins","description":"Moreira Menezes Martins - Advogados","potentialAction":[{"@type":"SearchAction","target":{"@type":"EntryPoint","urlTemplate":"https:\/\/moreiramenezes.com.br\/?s={search_term_string}"},"query-input":{"@type":"PropertyValueSpecification","valueRequired":true,"valueName":"search_term_string"}}],"inLanguage":"en-US"}]}},"_links":{"self":[{"href":"https:\/\/moreiramenezes.com.br\/en\/wp-json\/wp\/v2\/pages\/2228","targetHints":{"allow":["GET"]}}],"collection":[{"href":"https:\/\/moreiramenezes.com.br\/en\/wp-json\/wp\/v2\/pages"}],"about":[{"href":"https:\/\/moreiramenezes.com.br\/en\/wp-json\/wp\/v2\/types\/page"}],"author":[{"embeddable":true,"href":"https:\/\/moreiramenezes.com.br\/en\/wp-json\/wp\/v2\/users\/1"}],"replies":[{"embeddable":true,"href":"https:\/\/moreiramenezes.com.br\/en\/wp-json\/wp\/v2\/comments?post=2228"}],"version-history":[{"count":2,"href":"https:\/\/moreiramenezes.com.br\/en\/wp-json\/wp\/v2\/pages\/2228\/revisions"}],"predecessor-version":[{"id":2742,"href":"https:\/\/moreiramenezes.com.br\/en\/wp-json\/wp\/v2\/pages\/2228\/revisions\/2742"}],"up":[{"embeddable":true,"href":"https:\/\/moreiramenezes.com.br\/en\/wp-json\/wp\/v2\/pages\/47"}],"wp:attachment":[{"href":"https:\/\/moreiramenezes.com.br\/en\/wp-json\/wp\/v2\/media?parent=2228"}],"curies":[{"name":"wp","href":"https:\/\/api.w.org\/{rel}","templated":true}]}}