{"id":2225,"date":"2020-09-21T17:26:08","date_gmt":"2020-09-21T17:26:08","guid":{"rendered":"https:\/\/moreiramenezes.com\/?page_id=2225"},"modified":"2020-09-28T00:32:51","modified_gmt":"2020-09-28T00:32:51","slug":"operacoes-financeiras-estruturadas","status":"publish","type":"page","link":"https:\/\/moreiramenezes.com.br\/en\/areas-de-atuacao\/operacoes-financeiras-estruturadas\/","title":{"rendered":"Structured Financial Transactions"},"content":{"rendered":"<div data-elementor-type=\"wp-page\" data-elementor-id=\"2225\" class=\"elementor elementor-2225\" data-elementor-post-type=\"page\">\n\t\t\t\t\t\t<section class=\"elementor-section elementor-top-section elementor-element elementor-element-5691b80 elementor-section-content-middle elementor-section-height-min-height elementor-section-items-bottom elementor-section-boxed elementor-section-height-default\" data-id=\"5691b80\" data-element_type=\"section\" data-settings=\"{&quot;background_background&quot;:&quot;classic&quot;}\">\n\t\t\t\t\t\t\t<div class=\"elementor-background-overlay\"><\/div>\n\t\t\t\t\t\t\t<div class=\"elementor-container elementor-column-gap-default\">\n\t\t\t\t\t<div class=\"elementor-column elementor-col-50 elementor-top-column elementor-element elementor-element-83a88ee\" data-id=\"83a88ee\" data-element_type=\"column\">\n\t\t\t<div class=\"elementor-widget-wrap elementor-element-populated\">\n\t\t\t\t\t\t<section class=\"elementor-section elementor-inner-section elementor-element elementor-element-0e6c3fb elementor-section-full_width elementor-section-height-default elementor-section-height-default elementor-invisible\" data-id=\"0e6c3fb\" data-element_type=\"section\" data-settings=\"{&quot;background_background&quot;:&quot;classic&quot;,&quot;animation&quot;:&quot;fadeIn&quot;}\">\n\t\t\t\t\t\t<div class=\"elementor-container elementor-column-gap-default\">\n\t\t\t\t\t<div class=\"elementor-column elementor-col-100 elementor-inner-column elementor-element elementor-element-aa0b5c4\" data-id=\"aa0b5c4\" data-element_type=\"column\">\n\t\t\t<div class=\"elementor-widget-wrap elementor-element-populated\">\n\t\t\t\t\t\t<div class=\"elementor-element elementor-element-9cadaa7 elementor-widget elementor-widget-heading\" data-id=\"9cadaa7\" data-element_type=\"widget\" data-widget_type=\"heading.default\">\n\t\t\t\t<div class=\"elementor-widget-container\">\n\t\t\t<h2 class=\"elementor-heading-title elementor-size-default\"><strong>Debt Collection <\/strong><\/h2>\t\t<\/div>\n\t\t\t\t<\/div>\n\t\t\t\t\t<\/div>\n\t\t<\/div>\n\t\t\t\t\t<\/div>\n\t\t<\/section>\n\t\t\t\t\t<\/div>\n\t\t<\/div>\n\t\t\t\t<div class=\"elementor-column elementor-col-50 elementor-top-column elementor-element elementor-element-8dbec0b\" data-id=\"8dbec0b\" data-element_type=\"column\">\n\t\t\t<div class=\"elementor-widget-wrap\">\n\t\t\t\t\t\t\t<\/div>\n\t\t<\/div>\n\t\t\t\t\t<\/div>\n\t\t<\/section>\n\t\t\t\t<section class=\"elementor-section elementor-top-section elementor-element elementor-element-b04620b elementor-section-boxed elementor-section-height-default elementor-section-height-default\" data-id=\"b04620b\" data-element_type=\"section\">\n\t\t\t\t\t\t<div class=\"elementor-container elementor-column-gap-default\">\n\t\t\t\t\t<div class=\"elementor-column elementor-col-100 elementor-top-column elementor-element elementor-element-0dbc05d\" data-id=\"0dbc05d\" data-element_type=\"column\" data-settings=\"{&quot;background_background&quot;:&quot;classic&quot;}\">\n\t\t\t<div class=\"elementor-widget-wrap elementor-element-populated\">\n\t\t\t\t\t\t<div class=\"elementor-element elementor-element-a30d5a3 elementor-align-left elementor-icon-list--layout-traditional elementor-list-item-link-full_width elementor-widget elementor-widget-icon-list\" data-id=\"a30d5a3\" data-element_type=\"widget\" data-widget_type=\"icon-list.default\">\n\t\t\t\t<div class=\"elementor-widget-container\">\n\t\t\t\t\t<ul class=\"elementor-icon-list-items\">\n\t\t\t\t\t\t\t<li class=\"elementor-icon-list-item\">\n\t\t\t\t\t\t\t\t\t\t\t<span class=\"elementor-icon-list-icon\">\n\t\t\t\t\t\t\t<svg aria-hidden=\"true\" class=\"e-font-icon-svg e-fas-square-full\" viewbox=\"0 0 512 512\" xmlns=\"http:\/\/www.w3.org\/2000\/svg\"><path d=\"M512 512H0V0h512v512z\"><\/path><\/svg>\t\t\t\t\t\t<\/span>\n\t\t\t\t\t\t\t\t\t\t<span class=\"elementor-icon-list-text\">Structured Financial Transactions<\/span>\n\t\t\t\t\t\t\t\t\t<\/li>\n\t\t\t\t\t\t<\/ul>\n\t\t\t\t<\/div>\n\t\t\t\t<\/div>\n\t\t\t\t<div class=\"elementor-element elementor-element-66bd1f9 elementor-widget elementor-widget-text-editor\" data-id=\"66bd1f9\" data-element_type=\"widget\" data-widget_type=\"text-editor.default\">\n\t\t\t\t<div class=\"elementor-widget-container\">\n\t\t\t\t\t\t\t<p>The Firm\u00b4s lawyers are specialized in negotiation of litigious situations, whether or not formally commenced, as well as in assistance to take the fitting judicial measures to collect debts, in particular those resulting from structured financial transactions, both in and out of court (e.g., negotiation and extrajudicial execution of guarantees).<br \/><br \/>\u201cStructured transactions\u201d means projects for financing that include issuance of securities (real estate credit notes, real estate receivable certificates, bank credit notes, agribusiness credit letters and receivable certificates, etc.) for trading in over-the-counter markets or securities exchanges. This listing for trading is a necessary condition for acquisition by professional investors (such as investment and pension funds).<br \/><br \/>These transactions often rely on a package of guarantees that are subject to extrajudicial enforcement, such as fiduciary assignment of real estate or receivables or deposits of cash flows in escrow accounts, among other mechanisms.<br \/><br \/>These transactions typically involve the participation of intermediaries like custodians, fiduciary agents, asset managers, consultants and other professional entrusted with monitoring the debt service and maintenance of the guarantees established in advance. These people assume professional commitments, with fiduciary duties to borrowers, making them subject to oversight by regulators (CVM and\/or Central Bank).<br \/><br \/>A thorough understanding of the transaction and its guarantees, as well as the role and responsibilities of these professionals, is fundamental to render effective services to recover credits in case of default.<br \/><br \/>Therefore, it is necessary to allocate a multidisciplinary team, formed by lawyers from the litigation and corporate\/capital market areas, to assure efficient recovery of credits.<\/p>\t\t\t\t\t\t<\/div>\n\t\t\t\t<\/div>\n\t\t\t\t\t<\/div>\n\t\t<\/div>\n\t\t\t\t\t<\/div>\n\t\t<\/section>\n\t\t\t\t<\/div>","protected":false},"excerpt":{"rendered":"<p>Recupera\u00e7\u00e3o de Cr\u00e9dito Opera\u00e7\u00f5es Financeiras Estruturadas Os advogados do Escrit\u00f3rio s\u00e3o especialistas, ainda, na negocia\u00e7\u00e3o de situa\u00e7\u00f5es litigiosas, estejam os lit\u00edgios formalmente instaurados ou n\u00e3o, assim como na assessoria jur\u00eddica para a ado\u00e7\u00e3o das medidas cab\u00edveis para a recupera\u00e7\u00e3o de cr\u00e9ditos, em particular aqueles resultantes de opera\u00e7\u00f5es financeiras estruturadas, aqui se incluindo a atua\u00e7\u00e3o extrajudicial [&hellip;]<\/p>","protected":false},"author":1,"featured_media":0,"parent":47,"menu_order":0,"comment_status":"closed","ping_status":"closed","template":"","meta":{"footnotes":""},"class_list":["post-2225","page","type-page","status-publish","hentry"],"yoast_head":"<!-- This site is optimized with the Yoast SEO plugin v26.9 - https:\/\/yoast.com\/product\/yoast-seo-wordpress\/ -->\n<title>Opera\u00e7\u00f5es Financeiras Estruturadas - Moreira Menezes Martins<\/title>\n<meta name=\"robots\" content=\"index, follow, max-snippet:-1, max-image-preview:large, max-video-preview:-1\" \/>\n<link rel=\"canonical\" href=\"http:\/\/moreiramenezes.com.br\/en\/areas-de-atuacao\/operacoes-financeiras-estruturadas\/\" \/>\n<meta property=\"og:locale\" content=\"en_US\" \/>\n<meta property=\"og:type\" content=\"article\" \/>\n<meta property=\"og:title\" content=\"Opera\u00e7\u00f5es Financeiras Estruturadas - Moreira Menezes Martins\" \/>\n<meta property=\"og:description\" content=\"Recupera\u00e7\u00e3o de Cr\u00e9dito Opera\u00e7\u00f5es Financeiras Estruturadas Os advogados do Escrit\u00f3rio s\u00e3o especialistas, ainda, na negocia\u00e7\u00e3o de situa\u00e7\u00f5es litigiosas, estejam os lit\u00edgios formalmente instaurados ou n\u00e3o, assim como na assessoria jur\u00eddica para a ado\u00e7\u00e3o das medidas cab\u00edveis para a recupera\u00e7\u00e3o de cr\u00e9ditos, em particular aqueles resultantes de opera\u00e7\u00f5es financeiras estruturadas, aqui se incluindo a atua\u00e7\u00e3o extrajudicial [&hellip;]\" \/>\n<meta property=\"og:url\" content=\"http:\/\/moreiramenezes.com.br\/en\/areas-de-atuacao\/operacoes-financeiras-estruturadas\/\" \/>\n<meta property=\"og:site_name\" content=\"Moreira Menezes Martins\" \/>\n<meta property=\"article:modified_time\" content=\"2020-09-28T00:32:51+00:00\" \/>\n<meta name=\"twitter:card\" content=\"summary_large_image\" \/>\n<meta name=\"twitter:label1\" content=\"Est. reading time\" \/>\n\t<meta name=\"twitter:data1\" content=\"2 minutes\" \/>\n<script type=\"application\/ld+json\" class=\"yoast-schema-graph\">{\"@context\":\"https:\/\/schema.org\",\"@graph\":[{\"@type\":\"WebPage\",\"@id\":\"http:\/\/moreiramenezes.com.br\/en\/areas-de-atuacao\/operacoes-financeiras-estruturadas\/\",\"url\":\"http:\/\/moreiramenezes.com.br\/en\/areas-de-atuacao\/operacoes-financeiras-estruturadas\/\",\"name\":\"Opera\u00e7\u00f5es Financeiras Estruturadas - Moreira Menezes Martins\",\"isPartOf\":{\"@id\":\"https:\/\/moreiramenezes.com.br\/#website\"},\"datePublished\":\"2020-09-21T17:26:08+00:00\",\"dateModified\":\"2020-09-28T00:32:51+00:00\",\"breadcrumb\":{\"@id\":\"http:\/\/moreiramenezes.com.br\/en\/areas-de-atuacao\/operacoes-financeiras-estruturadas\/#breadcrumb\"},\"inLanguage\":\"en-US\",\"potentialAction\":[{\"@type\":\"ReadAction\",\"target\":[\"http:\/\/moreiramenezes.com.br\/en\/areas-de-atuacao\/operacoes-financeiras-estruturadas\/\"]}]},{\"@type\":\"BreadcrumbList\",\"@id\":\"http:\/\/moreiramenezes.com.br\/en\/areas-de-atuacao\/operacoes-financeiras-estruturadas\/#breadcrumb\",\"itemListElement\":[{\"@type\":\"ListItem\",\"position\":1,\"name\":\"In\u00edcio\",\"item\":\"https:\/\/moreiramenezes.com.br\/\"},{\"@type\":\"ListItem\",\"position\":2,\"name\":\"\u00c1reas de atua\u00e7\u00e3o\",\"item\":\"http:\/\/moreiramenezes.com.br\/en\/areas-de-atuacao\/\"},{\"@type\":\"ListItem\",\"position\":3,\"name\":\"Opera\u00e7\u00f5es Financeiras Estruturadas\"}]},{\"@type\":\"WebSite\",\"@id\":\"https:\/\/moreiramenezes.com.br\/#website\",\"url\":\"https:\/\/moreiramenezes.com.br\/\",\"name\":\"Moreira Menezes Martins\",\"description\":\"Moreira Menezes Martins - Advogados\",\"potentialAction\":[{\"@type\":\"SearchAction\",\"target\":{\"@type\":\"EntryPoint\",\"urlTemplate\":\"https:\/\/moreiramenezes.com.br\/?s={search_term_string}\"},\"query-input\":{\"@type\":\"PropertyValueSpecification\",\"valueRequired\":true,\"valueName\":\"search_term_string\"}}],\"inLanguage\":\"en-US\"}]}<\/script>\n<!-- \/ Yoast SEO plugin. -->","yoast_head_json":{"title":"Opera\u00e7\u00f5es Financeiras Estruturadas - Moreira Menezes Martins","robots":{"index":"index","follow":"follow","max-snippet":"max-snippet:-1","max-image-preview":"max-image-preview:large","max-video-preview":"max-video-preview:-1"},"canonical":"http:\/\/moreiramenezes.com.br\/en\/areas-de-atuacao\/operacoes-financeiras-estruturadas\/","og_locale":"en_US","og_type":"article","og_title":"Opera\u00e7\u00f5es Financeiras Estruturadas - Moreira Menezes Martins","og_description":"Recupera\u00e7\u00e3o de Cr\u00e9dito Opera\u00e7\u00f5es Financeiras Estruturadas Os advogados do Escrit\u00f3rio s\u00e3o especialistas, ainda, na negocia\u00e7\u00e3o de situa\u00e7\u00f5es litigiosas, estejam os lit\u00edgios formalmente instaurados ou n\u00e3o, assim como na assessoria jur\u00eddica para a ado\u00e7\u00e3o das medidas cab\u00edveis para a recupera\u00e7\u00e3o de cr\u00e9ditos, em particular aqueles resultantes de opera\u00e7\u00f5es financeiras estruturadas, aqui se incluindo a atua\u00e7\u00e3o extrajudicial [&hellip;]","og_url":"http:\/\/moreiramenezes.com.br\/en\/areas-de-atuacao\/operacoes-financeiras-estruturadas\/","og_site_name":"Moreira Menezes Martins","article_modified_time":"2020-09-28T00:32:51+00:00","twitter_card":"summary_large_image","twitter_misc":{"Est. reading time":"2 minutes"},"schema":{"@context":"https:\/\/schema.org","@graph":[{"@type":"WebPage","@id":"http:\/\/moreiramenezes.com.br\/en\/areas-de-atuacao\/operacoes-financeiras-estruturadas\/","url":"http:\/\/moreiramenezes.com.br\/en\/areas-de-atuacao\/operacoes-financeiras-estruturadas\/","name":"Opera\u00e7\u00f5es Financeiras Estruturadas - Moreira Menezes Martins","isPartOf":{"@id":"https:\/\/moreiramenezes.com.br\/#website"},"datePublished":"2020-09-21T17:26:08+00:00","dateModified":"2020-09-28T00:32:51+00:00","breadcrumb":{"@id":"http:\/\/moreiramenezes.com.br\/en\/areas-de-atuacao\/operacoes-financeiras-estruturadas\/#breadcrumb"},"inLanguage":"en-US","potentialAction":[{"@type":"ReadAction","target":["http:\/\/moreiramenezes.com.br\/en\/areas-de-atuacao\/operacoes-financeiras-estruturadas\/"]}]},{"@type":"BreadcrumbList","@id":"http:\/\/moreiramenezes.com.br\/en\/areas-de-atuacao\/operacoes-financeiras-estruturadas\/#breadcrumb","itemListElement":[{"@type":"ListItem","position":1,"name":"In\u00edcio","item":"https:\/\/moreiramenezes.com.br\/"},{"@type":"ListItem","position":2,"name":"\u00c1reas de atua\u00e7\u00e3o","item":"http:\/\/moreiramenezes.com.br\/en\/areas-de-atuacao\/"},{"@type":"ListItem","position":3,"name":"Opera\u00e7\u00f5es Financeiras Estruturadas"}]},{"@type":"WebSite","@id":"https:\/\/moreiramenezes.com.br\/#website","url":"https:\/\/moreiramenezes.com.br\/","name":"Moreira Menezes Martins","description":"Moreira Menezes Martins - Advogados","potentialAction":[{"@type":"SearchAction","target":{"@type":"EntryPoint","urlTemplate":"https:\/\/moreiramenezes.com.br\/?s={search_term_string}"},"query-input":{"@type":"PropertyValueSpecification","valueRequired":true,"valueName":"search_term_string"}}],"inLanguage":"en-US"}]}},"_links":{"self":[{"href":"https:\/\/moreiramenezes.com.br\/en\/wp-json\/wp\/v2\/pages\/2225","targetHints":{"allow":["GET"]}}],"collection":[{"href":"https:\/\/moreiramenezes.com.br\/en\/wp-json\/wp\/v2\/pages"}],"about":[{"href":"https:\/\/moreiramenezes.com.br\/en\/wp-json\/wp\/v2\/types\/page"}],"author":[{"embeddable":true,"href":"https:\/\/moreiramenezes.com.br\/en\/wp-json\/wp\/v2\/users\/1"}],"replies":[{"embeddable":true,"href":"https:\/\/moreiramenezes.com.br\/en\/wp-json\/wp\/v2\/comments?post=2225"}],"version-history":[{"count":0,"href":"https:\/\/moreiramenezes.com.br\/en\/wp-json\/wp\/v2\/pages\/2225\/revisions"}],"up":[{"embeddable":true,"href":"https:\/\/moreiramenezes.com.br\/en\/wp-json\/wp\/v2\/pages\/47"}],"wp:attachment":[{"href":"https:\/\/moreiramenezes.com.br\/en\/wp-json\/wp\/v2\/media?parent=2225"}],"curies":[{"name":"wp","href":"https:\/\/api.w.org\/{rel}","templated":true}]}}