{"id":2223,"date":"2020-09-21T17:25:30","date_gmt":"2020-09-21T17:25:30","guid":{"rendered":"https:\/\/moreiramenezes.com\/?page_id=2223"},"modified":"2020-09-28T00:35:17","modified_gmt":"2020-09-28T00:35:17","slug":"reestruturacao-financeira-recuperacao-e-falencia","status":"publish","type":"page","link":"https:\/\/moreiramenezes.com.br\/en\/areas-de-atuacao\/reestruturacao-financeira-recuperacao-e-falencia\/","title":{"rendered":"Financial Restructuring, Reorganization and Bankruptcy"},"content":{"rendered":"<div data-elementor-type=\"wp-page\" data-elementor-id=\"2223\" class=\"elementor elementor-2223\" data-elementor-post-type=\"page\">\n\t\t\t\t\t\t<section class=\"elementor-section elementor-top-section elementor-element elementor-element-0f83ab0 elementor-section-content-middle elementor-section-height-min-height elementor-section-items-bottom elementor-section-boxed elementor-section-height-default\" data-id=\"0f83ab0\" data-element_type=\"section\" data-settings=\"{&quot;background_background&quot;:&quot;classic&quot;}\">\n\t\t\t\t\t\t\t<div class=\"elementor-background-overlay\"><\/div>\n\t\t\t\t\t\t\t<div class=\"elementor-container elementor-column-gap-default\">\n\t\t\t\t\t<div class=\"elementor-column elementor-col-50 elementor-top-column elementor-element elementor-element-f13faea\" data-id=\"f13faea\" data-element_type=\"column\">\n\t\t\t<div class=\"elementor-widget-wrap elementor-element-populated\">\n\t\t\t\t\t\t<section class=\"elementor-section elementor-inner-section elementor-element elementor-element-19715dc elementor-section-full_width elementor-section-height-default elementor-section-height-default elementor-invisible\" data-id=\"19715dc\" data-element_type=\"section\" data-settings=\"{&quot;background_background&quot;:&quot;classic&quot;,&quot;animation&quot;:&quot;fadeIn&quot;}\">\n\t\t\t\t\t\t<div class=\"elementor-container elementor-column-gap-default\">\n\t\t\t\t\t<div class=\"elementor-column elementor-col-100 elementor-inner-column elementor-element elementor-element-77ada33\" data-id=\"77ada33\" data-element_type=\"column\">\n\t\t\t<div class=\"elementor-widget-wrap elementor-element-populated\">\n\t\t\t\t\t\t<div class=\"elementor-element elementor-element-5ffb9e6 elementor-widget elementor-widget-heading\" data-id=\"5ffb9e6\" data-element_type=\"widget\" data-widget_type=\"heading.default\">\n\t\t\t\t<div class=\"elementor-widget-container\">\n\t\t\t<h2 class=\"elementor-heading-title elementor-size-default\"><strong>Business Distress<\/strong><\/h2>\t\t<\/div>\n\t\t\t\t<\/div>\n\t\t\t\t\t<\/div>\n\t\t<\/div>\n\t\t\t\t\t<\/div>\n\t\t<\/section>\n\t\t\t\t\t<\/div>\n\t\t<\/div>\n\t\t\t\t<div class=\"elementor-column elementor-col-50 elementor-top-column elementor-element elementor-element-5e2ddd3\" data-id=\"5e2ddd3\" data-element_type=\"column\">\n\t\t\t<div class=\"elementor-widget-wrap\">\n\t\t\t\t\t\t\t<\/div>\n\t\t<\/div>\n\t\t\t\t\t<\/div>\n\t\t<\/section>\n\t\t\t\t<section class=\"elementor-section elementor-top-section elementor-element elementor-element-3e7bdc9 elementor-section-boxed elementor-section-height-default elementor-section-height-default\" data-id=\"3e7bdc9\" data-element_type=\"section\">\n\t\t\t\t\t\t<div class=\"elementor-container elementor-column-gap-default\">\n\t\t\t\t\t<div class=\"elementor-column elementor-col-100 elementor-top-column elementor-element elementor-element-d336bfb\" data-id=\"d336bfb\" data-element_type=\"column\" data-settings=\"{&quot;background_background&quot;:&quot;classic&quot;}\">\n\t\t\t<div class=\"elementor-widget-wrap elementor-element-populated\">\n\t\t\t\t\t\t<div class=\"elementor-element elementor-element-bae894a elementor-align-left elementor-icon-list--layout-traditional elementor-list-item-link-full_width elementor-widget elementor-widget-icon-list\" data-id=\"bae894a\" data-element_type=\"widget\" data-widget_type=\"icon-list.default\">\n\t\t\t\t<div class=\"elementor-widget-container\">\n\t\t\t\t\t<ul class=\"elementor-icon-list-items\">\n\t\t\t\t\t\t\t<li class=\"elementor-icon-list-item\">\n\t\t\t\t\t\t\t\t\t\t\t<span class=\"elementor-icon-list-icon\">\n\t\t\t\t\t\t\t<svg aria-hidden=\"true\" class=\"e-font-icon-svg e-fas-square-full\" viewbox=\"0 0 512 512\" xmlns=\"http:\/\/www.w3.org\/2000\/svg\"><path d=\"M512 512H0V0h512v512z\"><\/path><\/svg>\t\t\t\t\t\t<\/span>\n\t\t\t\t\t\t\t\t\t\t<span class=\"elementor-icon-list-text\">Financial Restructuring, Reorganization and Bankruptcy<\/span>\n\t\t\t\t\t\t\t\t\t<\/li>\n\t\t\t\t\t\t<\/ul>\n\t\t\t\t<\/div>\n\t\t\t\t<\/div>\n\t\t\t\t<div class=\"elementor-element elementor-element-40e9125 elementor-widget elementor-widget-text-editor\" data-id=\"40e9125\" data-element_type=\"widget\" data-widget_type=\"text-editor.default\">\n\t\t\t\t<div class=\"elementor-widget-container\">\n\t\t\t\t\t\t\t<p>The Firm\u00b4s lawyers have experience in protecting the multiple interests involved in situations of business distress, encompassing financial restructuring, negotiation of overall debt workouts (including judicial ratification), court-supervised reorganization and bankruptcy. They work to defend the interests of (a) creditors, by preserving their rights and maximizing their recovery; and (b) debtors, by rationalizing the company\u2019s organization or, as the case may be, orderly liquidation of assets.<br \/><br \/>Whether representing creditors or debtors, the Firm\u2019s efforts are focused on preserving the distressed company as a going concern if possible, and in any event, maximizing the value of assets, first through out-of-court negotiations, by coordinating the procedure and intermediating between the different interest groups, including participation in meetings and preparation and discussion of preliminary and definitive contractual instruments and the reorganization plan.<br \/><br \/>Depending on the complexity and scope of the case, the Firm works with a corresponding law office in the court jurisdiction where the reorganization or bankruptcy procedure is being conducted. In these cases, the Firm supervises the measures adopted by the corresponding lawyers, giving support in the drafting of court submissions, appearance at hearings and oral arguments, so that a consistent overall strategy is followed.<br \/><br \/>The activities of The Firm\u00b4s lawyers involve the following:<\/p><ul><li>Assistance in collecting debts, including negotiation with the distressed company and restructuring of debts or filing suits to enforce contractual guarantees.<\/li><li>Coordination of financial restructuring programs (through debt workouts, court-supervised reorganization, judicial ratification of out-of-court composition), involving intermediation with the different teams allocated by the client (financial experts, auditors and other consultants), aiming to establish a uniform working plan to balance the interests of different groups of creditors.<\/li><li>Preparation and negotiation of bilateral and multilateral contractual instruments with creditors, associations and other interested parties.<\/li><li>Defense of the main concerns of companies undergoing reorganization, with preparation and negotiation of the recovery plan together with the other professionals allocated or engaged by the client.<\/li><li>Assistance to the litigation team regarding the merit of arguments to be presented in court filings.<\/li><li>Participation at court hearings and meetings of creditors, after prior diagnosis of the situation, and preparation of meeting agendas and transcription of minutes.<\/li><li>Preparation and negotiation of other private instruments as necessary to maximize the efficiency in gaining approval of the court-supervised reorganization plan.<\/li><li>Defense of creditors\u2019 interests in debt workout, court-supervised reorganization or bankruptcy cases, including obtaining allowance of credits and participation in general creditor meetings.<\/li><li>Consulting to prevent litigation or settle lawsuits.<\/li><li>Preparation of legal opinions or memorandums.<\/li><\/ul>\t\t\t\t\t\t<\/div>\n\t\t\t\t<\/div>\n\t\t\t\t\t<\/div>\n\t\t<\/div>\n\t\t\t\t\t<\/div>\n\t\t<\/section>\n\t\t\t\t<\/div>","protected":false},"excerpt":{"rendered":"<p>Crise do Empres\u00e1rio Reestrutura\u00e7\u00e3o financeira, recupera\u00e7\u00e3o e fal\u00eancia Os s\u00f3cios do Escrit\u00f3rio possuem experi\u00eancia na prote\u00e7\u00e3o aos m\u00faltiplos interesses envolvidos em situa\u00e7\u00f5es de crise do empres\u00e1rio, incluindo hip\u00f3teses de reestrutura\u00e7\u00e3o financeira, negocia\u00e7\u00e3o de acordos globais de d\u00edvida, processos de recupera\u00e7\u00e3o judicial e extrajudicial e de fal\u00eancia, atuando (a) na defesa dos interesses de credores, para [&hellip;]<\/p>","protected":false},"author":1,"featured_media":0,"parent":47,"menu_order":0,"comment_status":"closed","ping_status":"closed","template":"","meta":{"footnotes":""},"class_list":["post-2223","page","type-page","status-publish","hentry"],"yoast_head":"<!-- This site is optimized with the Yoast SEO plugin v26.9 - https:\/\/yoast.com\/product\/yoast-seo-wordpress\/ -->\n<title>Reestrutura\u00e7\u00e3o financeira, recupera\u00e7\u00e3o e fal\u00eancia - Moreira Menezes Martins<\/title>\n<meta name=\"robots\" content=\"index, follow, max-snippet:-1, max-image-preview:large, max-video-preview:-1\" \/>\n<link rel=\"canonical\" href=\"http:\/\/moreiramenezes.com.br\/en\/areas-de-atuacao\/reestruturacao-financeira-recuperacao-e-falencia\/\" \/>\n<meta property=\"og:locale\" content=\"en_US\" \/>\n<meta property=\"og:type\" content=\"article\" \/>\n<meta property=\"og:title\" content=\"Reestrutura\u00e7\u00e3o financeira, recupera\u00e7\u00e3o e fal\u00eancia - Moreira Menezes Martins\" \/>\n<meta property=\"og:description\" content=\"Crise do Empres\u00e1rio Reestrutura\u00e7\u00e3o financeira, recupera\u00e7\u00e3o e fal\u00eancia Os s\u00f3cios do Escrit\u00f3rio possuem experi\u00eancia na prote\u00e7\u00e3o aos m\u00faltiplos interesses envolvidos em situa\u00e7\u00f5es de crise do empres\u00e1rio, incluindo hip\u00f3teses de reestrutura\u00e7\u00e3o financeira, negocia\u00e7\u00e3o de acordos globais de d\u00edvida, processos de recupera\u00e7\u00e3o judicial e extrajudicial e de fal\u00eancia, atuando (a) na defesa dos interesses de credores, para [&hellip;]\" \/>\n<meta property=\"og:url\" content=\"http:\/\/moreiramenezes.com.br\/en\/areas-de-atuacao\/reestruturacao-financeira-recuperacao-e-falencia\/\" \/>\n<meta property=\"og:site_name\" content=\"Moreira Menezes Martins\" \/>\n<meta property=\"article:modified_time\" content=\"2020-09-28T00:35:17+00:00\" \/>\n<meta name=\"twitter:card\" content=\"summary_large_image\" \/>\n<meta name=\"twitter:label1\" content=\"Est. reading time\" \/>\n\t<meta name=\"twitter:data1\" content=\"3 minutes\" \/>\n<script type=\"application\/ld+json\" class=\"yoast-schema-graph\">{\"@context\":\"https:\/\/schema.org\",\"@graph\":[{\"@type\":\"WebPage\",\"@id\":\"http:\/\/moreiramenezes.com.br\/en\/areas-de-atuacao\/reestruturacao-financeira-recuperacao-e-falencia\/\",\"url\":\"http:\/\/moreiramenezes.com.br\/en\/areas-de-atuacao\/reestruturacao-financeira-recuperacao-e-falencia\/\",\"name\":\"Reestrutura\u00e7\u00e3o financeira, recupera\u00e7\u00e3o e fal\u00eancia - Moreira Menezes Martins\",\"isPartOf\":{\"@id\":\"https:\/\/moreiramenezes.com.br\/#website\"},\"datePublished\":\"2020-09-21T17:25:30+00:00\",\"dateModified\":\"2020-09-28T00:35:17+00:00\",\"breadcrumb\":{\"@id\":\"http:\/\/moreiramenezes.com.br\/en\/areas-de-atuacao\/reestruturacao-financeira-recuperacao-e-falencia\/#breadcrumb\"},\"inLanguage\":\"en-US\",\"potentialAction\":[{\"@type\":\"ReadAction\",\"target\":[\"http:\/\/moreiramenezes.com.br\/en\/areas-de-atuacao\/reestruturacao-financeira-recuperacao-e-falencia\/\"]}]},{\"@type\":\"BreadcrumbList\",\"@id\":\"http:\/\/moreiramenezes.com.br\/en\/areas-de-atuacao\/reestruturacao-financeira-recuperacao-e-falencia\/#breadcrumb\",\"itemListElement\":[{\"@type\":\"ListItem\",\"position\":1,\"name\":\"In\u00edcio\",\"item\":\"https:\/\/moreiramenezes.com.br\/\"},{\"@type\":\"ListItem\",\"position\":2,\"name\":\"\u00c1reas de atua\u00e7\u00e3o\",\"item\":\"http:\/\/moreiramenezes.com.br\/en\/areas-de-atuacao\/\"},{\"@type\":\"ListItem\",\"position\":3,\"name\":\"Reestrutura\u00e7\u00e3o financeira, recupera\u00e7\u00e3o e fal\u00eancia\"}]},{\"@type\":\"WebSite\",\"@id\":\"https:\/\/moreiramenezes.com.br\/#website\",\"url\":\"https:\/\/moreiramenezes.com.br\/\",\"name\":\"Moreira Menezes Martins\",\"description\":\"Moreira Menezes Martins - Advogados\",\"potentialAction\":[{\"@type\":\"SearchAction\",\"target\":{\"@type\":\"EntryPoint\",\"urlTemplate\":\"https:\/\/moreiramenezes.com.br\/?s={search_term_string}\"},\"query-input\":{\"@type\":\"PropertyValueSpecification\",\"valueRequired\":true,\"valueName\":\"search_term_string\"}}],\"inLanguage\":\"en-US\"}]}<\/script>\n<!-- \/ Yoast SEO plugin. -->","yoast_head_json":{"title":"Reestrutura\u00e7\u00e3o financeira, recupera\u00e7\u00e3o e fal\u00eancia - Moreira Menezes Martins","robots":{"index":"index","follow":"follow","max-snippet":"max-snippet:-1","max-image-preview":"max-image-preview:large","max-video-preview":"max-video-preview:-1"},"canonical":"http:\/\/moreiramenezes.com.br\/en\/areas-de-atuacao\/reestruturacao-financeira-recuperacao-e-falencia\/","og_locale":"en_US","og_type":"article","og_title":"Reestrutura\u00e7\u00e3o financeira, recupera\u00e7\u00e3o e fal\u00eancia - Moreira Menezes Martins","og_description":"Crise do Empres\u00e1rio Reestrutura\u00e7\u00e3o financeira, recupera\u00e7\u00e3o e fal\u00eancia Os s\u00f3cios do Escrit\u00f3rio possuem experi\u00eancia na prote\u00e7\u00e3o aos m\u00faltiplos interesses envolvidos em situa\u00e7\u00f5es de crise do empres\u00e1rio, incluindo hip\u00f3teses de reestrutura\u00e7\u00e3o financeira, negocia\u00e7\u00e3o de acordos globais de d\u00edvida, processos de recupera\u00e7\u00e3o judicial e extrajudicial e de fal\u00eancia, atuando (a) na defesa dos interesses de credores, para [&hellip;]","og_url":"http:\/\/moreiramenezes.com.br\/en\/areas-de-atuacao\/reestruturacao-financeira-recuperacao-e-falencia\/","og_site_name":"Moreira Menezes Martins","article_modified_time":"2020-09-28T00:35:17+00:00","twitter_card":"summary_large_image","twitter_misc":{"Est. reading time":"3 minutes"},"schema":{"@context":"https:\/\/schema.org","@graph":[{"@type":"WebPage","@id":"http:\/\/moreiramenezes.com.br\/en\/areas-de-atuacao\/reestruturacao-financeira-recuperacao-e-falencia\/","url":"http:\/\/moreiramenezes.com.br\/en\/areas-de-atuacao\/reestruturacao-financeira-recuperacao-e-falencia\/","name":"Reestrutura\u00e7\u00e3o financeira, recupera\u00e7\u00e3o e fal\u00eancia - Moreira Menezes Martins","isPartOf":{"@id":"https:\/\/moreiramenezes.com.br\/#website"},"datePublished":"2020-09-21T17:25:30+00:00","dateModified":"2020-09-28T00:35:17+00:00","breadcrumb":{"@id":"http:\/\/moreiramenezes.com.br\/en\/areas-de-atuacao\/reestruturacao-financeira-recuperacao-e-falencia\/#breadcrumb"},"inLanguage":"en-US","potentialAction":[{"@type":"ReadAction","target":["http:\/\/moreiramenezes.com.br\/en\/areas-de-atuacao\/reestruturacao-financeira-recuperacao-e-falencia\/"]}]},{"@type":"BreadcrumbList","@id":"http:\/\/moreiramenezes.com.br\/en\/areas-de-atuacao\/reestruturacao-financeira-recuperacao-e-falencia\/#breadcrumb","itemListElement":[{"@type":"ListItem","position":1,"name":"In\u00edcio","item":"https:\/\/moreiramenezes.com.br\/"},{"@type":"ListItem","position":2,"name":"\u00c1reas de atua\u00e7\u00e3o","item":"http:\/\/moreiramenezes.com.br\/en\/areas-de-atuacao\/"},{"@type":"ListItem","position":3,"name":"Reestrutura\u00e7\u00e3o financeira, recupera\u00e7\u00e3o e fal\u00eancia"}]},{"@type":"WebSite","@id":"https:\/\/moreiramenezes.com.br\/#website","url":"https:\/\/moreiramenezes.com.br\/","name":"Moreira Menezes Martins","description":"Moreira Menezes Martins - Advogados","potentialAction":[{"@type":"SearchAction","target":{"@type":"EntryPoint","urlTemplate":"https:\/\/moreiramenezes.com.br\/?s={search_term_string}"},"query-input":{"@type":"PropertyValueSpecification","valueRequired":true,"valueName":"search_term_string"}}],"inLanguage":"en-US"}]}},"_links":{"self":[{"href":"https:\/\/moreiramenezes.com.br\/en\/wp-json\/wp\/v2\/pages\/2223","targetHints":{"allow":["GET"]}}],"collection":[{"href":"https:\/\/moreiramenezes.com.br\/en\/wp-json\/wp\/v2\/pages"}],"about":[{"href":"https:\/\/moreiramenezes.com.br\/en\/wp-json\/wp\/v2\/types\/page"}],"author":[{"embeddable":true,"href":"https:\/\/moreiramenezes.com.br\/en\/wp-json\/wp\/v2\/users\/1"}],"replies":[{"embeddable":true,"href":"https:\/\/moreiramenezes.com.br\/en\/wp-json\/wp\/v2\/comments?post=2223"}],"version-history":[{"count":0,"href":"https:\/\/moreiramenezes.com.br\/en\/wp-json\/wp\/v2\/pages\/2223\/revisions"}],"up":[{"embeddable":true,"href":"https:\/\/moreiramenezes.com.br\/en\/wp-json\/wp\/v2\/pages\/47"}],"wp:attachment":[{"href":"https:\/\/moreiramenezes.com.br\/en\/wp-json\/wp\/v2\/media?parent=2223"}],"curies":[{"name":"wp","href":"https:\/\/api.w.org\/{rel}","templated":true}]}}