{"id":2220,"date":"2020-09-21T17:16:14","date_gmt":"2020-09-21T17:16:14","guid":{"rendered":"https:\/\/moreiramenezes.com\/?page_id=2220"},"modified":"2020-09-28T00:33:21","modified_gmt":"2020-09-28T00:33:21","slug":"operacoes-imobiliarias","status":"publish","type":"page","link":"https:\/\/moreiramenezes.com.br\/en\/areas-de-atuacao\/operacoes-imobiliarias\/","title":{"rendered":"Real Estate Transactions"},"content":{"rendered":"<div data-elementor-type=\"wp-page\" data-elementor-id=\"2220\" class=\"elementor elementor-2220\" data-elementor-post-type=\"page\">\n\t\t\t\t\t\t<section class=\"elementor-section elementor-top-section elementor-element elementor-element-43dadcd elementor-section-content-middle elementor-section-height-min-height elementor-section-items-bottom elementor-section-boxed elementor-section-height-default\" data-id=\"43dadcd\" data-element_type=\"section\" data-settings=\"{&quot;background_background&quot;:&quot;classic&quot;}\">\n\t\t\t\t\t\t\t<div class=\"elementor-background-overlay\"><\/div>\n\t\t\t\t\t\t\t<div class=\"elementor-container elementor-column-gap-default\">\n\t\t\t\t\t<div class=\"elementor-column elementor-col-50 elementor-top-column elementor-element elementor-element-f7f1510\" data-id=\"f7f1510\" data-element_type=\"column\">\n\t\t\t<div class=\"elementor-widget-wrap elementor-element-populated\">\n\t\t\t\t\t\t<section class=\"elementor-section elementor-inner-section elementor-element elementor-element-79a8b19 elementor-section-full_width elementor-section-height-default elementor-section-height-default elementor-invisible\" data-id=\"79a8b19\" data-element_type=\"section\" data-settings=\"{&quot;background_background&quot;:&quot;classic&quot;,&quot;animation&quot;:&quot;fadeIn&quot;}\">\n\t\t\t\t\t\t<div class=\"elementor-container elementor-column-gap-default\">\n\t\t\t\t\t<div class=\"elementor-column elementor-col-100 elementor-inner-column elementor-element elementor-element-1ea5cf2\" data-id=\"1ea5cf2\" data-element_type=\"column\">\n\t\t\t<div class=\"elementor-widget-wrap elementor-element-populated\">\n\t\t\t\t\t\t<div class=\"elementor-element elementor-element-0747b4c elementor-widget elementor-widget-heading\" data-id=\"0747b4c\" data-element_type=\"widget\" data-widget_type=\"heading.default\">\n\t\t\t\t<div class=\"elementor-widget-container\">\n\t\t\t<h2 class=\"elementor-heading-title elementor-size-default\"><strong>Real Estate Law<\/strong><\/h2>\t\t<\/div>\n\t\t\t\t<\/div>\n\t\t\t\t\t<\/div>\n\t\t<\/div>\n\t\t\t\t\t<\/div>\n\t\t<\/section>\n\t\t\t\t\t<\/div>\n\t\t<\/div>\n\t\t\t\t<div class=\"elementor-column elementor-col-50 elementor-top-column elementor-element elementor-element-e52c9b6\" data-id=\"e52c9b6\" data-element_type=\"column\">\n\t\t\t<div class=\"elementor-widget-wrap\">\n\t\t\t\t\t\t\t<\/div>\n\t\t<\/div>\n\t\t\t\t\t<\/div>\n\t\t<\/section>\n\t\t\t\t<section class=\"elementor-section elementor-top-section elementor-element elementor-element-ab1a83e elementor-section-boxed elementor-section-height-default elementor-section-height-default\" data-id=\"ab1a83e\" data-element_type=\"section\">\n\t\t\t\t\t\t<div class=\"elementor-container elementor-column-gap-default\">\n\t\t\t\t\t<div class=\"elementor-column elementor-col-100 elementor-top-column elementor-element elementor-element-72c19de\" data-id=\"72c19de\" data-element_type=\"column\" data-settings=\"{&quot;background_background&quot;:&quot;classic&quot;}\">\n\t\t\t<div class=\"elementor-widget-wrap elementor-element-populated\">\n\t\t\t\t\t\t<div class=\"elementor-element elementor-element-f9bc424 elementor-align-left elementor-icon-list--layout-traditional elementor-list-item-link-full_width elementor-widget elementor-widget-icon-list\" data-id=\"f9bc424\" data-element_type=\"widget\" data-widget_type=\"icon-list.default\">\n\t\t\t\t<div class=\"elementor-widget-container\">\n\t\t\t\t\t<ul class=\"elementor-icon-list-items\">\n\t\t\t\t\t\t\t<li class=\"elementor-icon-list-item\">\n\t\t\t\t\t\t\t\t\t\t\t<span class=\"elementor-icon-list-icon\">\n\t\t\t\t\t\t\t<svg aria-hidden=\"true\" class=\"e-font-icon-svg e-fas-square-full\" viewbox=\"0 0 512 512\" xmlns=\"http:\/\/www.w3.org\/2000\/svg\"><path d=\"M512 512H0V0h512v512z\"><\/path><\/svg>\t\t\t\t\t\t<\/span>\n\t\t\t\t\t\t\t\t\t\t<span class=\"elementor-icon-list-text\">Real Estate Transactions<\/span>\n\t\t\t\t\t\t\t\t\t<\/li>\n\t\t\t\t\t\t<\/ul>\n\t\t\t\t<\/div>\n\t\t\t\t<\/div>\n\t\t\t\t<div class=\"elementor-element elementor-element-937edc3 elementor-widget elementor-widget-text-editor\" data-id=\"937edc3\" data-element_type=\"widget\" data-widget_type=\"text-editor.default\">\n\t\t\t\t<div class=\"elementor-widget-container\">\n\t\t\t\t\t\t\t<p>The Firms\u2019 partners have extensive experience in real estate questions and assist clients with needs related to the structuring of real estate transactions, including securitization of receivables, issuance of bonds backed by real estate, establishment of real estate investment funds, development of shopping centers, sale of hotel condo units and various types of financing for property undertakings.<br \/><br \/>Some of the services in this area are listed below:<\/p><ul><li>Assistance to analyze, draft and negotiate real estate agreements in general, including purchase\/sale, establishment of in rem guarantees, rental, lease, build-to-suit, surface rights, among others.<\/li><li>Assistance in construction projects involving payment to the property owner in units of the building.<\/li><li>Assistance in the development and structuring of shopping centers.<\/li><li>Structuring of complex real estate transactions.<\/li><li>Definition and formalization of governance rules in real estate investments: memorandums of understanding, investment agreements, general rules for leasing, condominium association bylaws, internal rules of behavior, etc.<\/li><li>Assistance in structured financing of real estate undertakings by means of bonds, promissory notes, real estate receivables certificates (CRIs), real estate credit notes (CCIs) and bank credit letters (LCIs).<\/li><li>Assistance regarding the constitution, functioning and public distribution of shares of real estate investment funds (FIIs) and equity investment funds (FIPs) tailored for the real estate sector.<\/li><li>Assistance in the establishment of pooled hotel ownership arrangements, including preparation of the instruments related to sale of hotel condo units.<\/li><li>Legal due diligence for property investment deals.<\/li><li>Assistance in acquisition of real estate by foreign individuals and companies.<\/li><\/ul>\t\t\t\t\t\t<\/div>\n\t\t\t\t<\/div>\n\t\t\t\t\t<\/div>\n\t\t<\/div>\n\t\t\t\t\t<\/div>\n\t\t<\/section>\n\t\t\t\t<\/div>","protected":false},"excerpt":{"rendered":"<p>Direito Imobili\u00e1rio Opera\u00e7\u00f5es Imobili\u00e1rias Os advogados do Escrit\u00f3rio t\u00eam experi\u00eancia em quest\u00f5es imobili\u00e1rias, disponibilizando aos seus clientes consultoria jur\u00eddica em demandas relacionadas \u00e0 estrutura\u00e7\u00e3o, condu\u00e7\u00e3o e celebra\u00e7\u00e3o de opera\u00e7\u00f5es imobili\u00e1rias, inclusive com refer\u00eancia a securitiza\u00e7\u00e3o de receb\u00edveis imobili\u00e1rios, emiss\u00f5es de t\u00edtulos lastreados em im\u00f3veis, constitui\u00e7\u00e3o de fundos de investimento imobili\u00e1rio, desenvolvimento de shopping centers, oferta [&hellip;]<\/p>","protected":false},"author":1,"featured_media":0,"parent":47,"menu_order":0,"comment_status":"closed","ping_status":"closed","template":"","meta":{"footnotes":""},"class_list":["post-2220","page","type-page","status-publish","hentry"],"yoast_head":"<!-- This site is optimized with the Yoast SEO plugin v26.9 - https:\/\/yoast.com\/product\/yoast-seo-wordpress\/ -->\n<title>Opera\u00e7\u00f5es Imobili\u00e1rias - Moreira Menezes Martins<\/title>\n<meta name=\"robots\" content=\"index, follow, max-snippet:-1, max-image-preview:large, max-video-preview:-1\" \/>\n<link rel=\"canonical\" href=\"https:\/\/moreiramenezes.com.br\/en\/areas-de-atuacao\/operacoes-imobiliarias\/\" \/>\n<meta property=\"og:locale\" content=\"en_US\" \/>\n<meta property=\"og:type\" content=\"article\" \/>\n<meta property=\"og:title\" content=\"Opera\u00e7\u00f5es Imobili\u00e1rias - Moreira Menezes Martins\" \/>\n<meta property=\"og:description\" content=\"Direito Imobili\u00e1rio Opera\u00e7\u00f5es Imobili\u00e1rias Os advogados do Escrit\u00f3rio t\u00eam experi\u00eancia em quest\u00f5es imobili\u00e1rias, disponibilizando aos seus clientes consultoria jur\u00eddica em demandas relacionadas \u00e0 estrutura\u00e7\u00e3o, condu\u00e7\u00e3o e celebra\u00e7\u00e3o de opera\u00e7\u00f5es imobili\u00e1rias, inclusive com refer\u00eancia a securitiza\u00e7\u00e3o de receb\u00edveis imobili\u00e1rios, emiss\u00f5es de t\u00edtulos lastreados em im\u00f3veis, constitui\u00e7\u00e3o de fundos de investimento imobili\u00e1rio, desenvolvimento de shopping centers, oferta [&hellip;]\" \/>\n<meta property=\"og:url\" content=\"https:\/\/moreiramenezes.com.br\/en\/areas-de-atuacao\/operacoes-imobiliarias\/\" \/>\n<meta property=\"og:site_name\" content=\"Moreira Menezes Martins\" \/>\n<meta property=\"article:modified_time\" content=\"2020-09-28T00:33:21+00:00\" \/>\n<meta name=\"twitter:card\" content=\"summary_large_image\" \/>\n<meta name=\"twitter:label1\" content=\"Est. reading time\" \/>\n\t<meta name=\"twitter:data1\" content=\"2 minutes\" \/>\n<script type=\"application\/ld+json\" class=\"yoast-schema-graph\">{\"@context\":\"https:\/\/schema.org\",\"@graph\":[{\"@type\":\"WebPage\",\"@id\":\"https:\/\/moreiramenezes.com.br\/areas-de-atuacao\/operacoes-imobiliarias\/\",\"url\":\"https:\/\/moreiramenezes.com.br\/areas-de-atuacao\/operacoes-imobiliarias\/\",\"name\":\"Opera\u00e7\u00f5es Imobili\u00e1rias - Moreira Menezes Martins\",\"isPartOf\":{\"@id\":\"https:\/\/moreiramenezes.com.br\/#website\"},\"datePublished\":\"2020-09-21T17:16:14+00:00\",\"dateModified\":\"2020-09-28T00:33:21+00:00\",\"breadcrumb\":{\"@id\":\"https:\/\/moreiramenezes.com.br\/areas-de-atuacao\/operacoes-imobiliarias\/#breadcrumb\"},\"inLanguage\":\"en-US\",\"potentialAction\":[{\"@type\":\"ReadAction\",\"target\":[\"https:\/\/moreiramenezes.com.br\/areas-de-atuacao\/operacoes-imobiliarias\/\"]}]},{\"@type\":\"BreadcrumbList\",\"@id\":\"https:\/\/moreiramenezes.com.br\/areas-de-atuacao\/operacoes-imobiliarias\/#breadcrumb\",\"itemListElement\":[{\"@type\":\"ListItem\",\"position\":1,\"name\":\"In\u00edcio\",\"item\":\"https:\/\/moreiramenezes.com.br\/\"},{\"@type\":\"ListItem\",\"position\":2,\"name\":\"\u00c1reas de atua\u00e7\u00e3o\",\"item\":\"http:\/\/moreiramenezes.com.br\/en\/areas-de-atuacao\/\"},{\"@type\":\"ListItem\",\"position\":3,\"name\":\"Opera\u00e7\u00f5es Imobili\u00e1rias\"}]},{\"@type\":\"WebSite\",\"@id\":\"https:\/\/moreiramenezes.com.br\/#website\",\"url\":\"https:\/\/moreiramenezes.com.br\/\",\"name\":\"Moreira Menezes Martins\",\"description\":\"Moreira Menezes Martins - Advogados\",\"potentialAction\":[{\"@type\":\"SearchAction\",\"target\":{\"@type\":\"EntryPoint\",\"urlTemplate\":\"https:\/\/moreiramenezes.com.br\/?s={search_term_string}\"},\"query-input\":{\"@type\":\"PropertyValueSpecification\",\"valueRequired\":true,\"valueName\":\"search_term_string\"}}],\"inLanguage\":\"en-US\"}]}<\/script>\n<!-- \/ Yoast SEO plugin. -->","yoast_head_json":{"title":"Opera\u00e7\u00f5es Imobili\u00e1rias - Moreira Menezes Martins","robots":{"index":"index","follow":"follow","max-snippet":"max-snippet:-1","max-image-preview":"max-image-preview:large","max-video-preview":"max-video-preview:-1"},"canonical":"https:\/\/moreiramenezes.com.br\/en\/areas-de-atuacao\/operacoes-imobiliarias\/","og_locale":"en_US","og_type":"article","og_title":"Opera\u00e7\u00f5es Imobili\u00e1rias - Moreira Menezes Martins","og_description":"Direito Imobili\u00e1rio Opera\u00e7\u00f5es Imobili\u00e1rias Os advogados do Escrit\u00f3rio t\u00eam experi\u00eancia em quest\u00f5es imobili\u00e1rias, disponibilizando aos seus clientes consultoria jur\u00eddica em demandas relacionadas \u00e0 estrutura\u00e7\u00e3o, condu\u00e7\u00e3o e celebra\u00e7\u00e3o de opera\u00e7\u00f5es imobili\u00e1rias, inclusive com refer\u00eancia a securitiza\u00e7\u00e3o de receb\u00edveis imobili\u00e1rios, emiss\u00f5es de t\u00edtulos lastreados em im\u00f3veis, constitui\u00e7\u00e3o de fundos de investimento imobili\u00e1rio, desenvolvimento de shopping centers, oferta [&hellip;]","og_url":"https:\/\/moreiramenezes.com.br\/en\/areas-de-atuacao\/operacoes-imobiliarias\/","og_site_name":"Moreira Menezes Martins","article_modified_time":"2020-09-28T00:33:21+00:00","twitter_card":"summary_large_image","twitter_misc":{"Est. reading time":"2 minutes"},"schema":{"@context":"https:\/\/schema.org","@graph":[{"@type":"WebPage","@id":"https:\/\/moreiramenezes.com.br\/areas-de-atuacao\/operacoes-imobiliarias\/","url":"https:\/\/moreiramenezes.com.br\/areas-de-atuacao\/operacoes-imobiliarias\/","name":"Opera\u00e7\u00f5es Imobili\u00e1rias - Moreira Menezes Martins","isPartOf":{"@id":"https:\/\/moreiramenezes.com.br\/#website"},"datePublished":"2020-09-21T17:16:14+00:00","dateModified":"2020-09-28T00:33:21+00:00","breadcrumb":{"@id":"https:\/\/moreiramenezes.com.br\/areas-de-atuacao\/operacoes-imobiliarias\/#breadcrumb"},"inLanguage":"en-US","potentialAction":[{"@type":"ReadAction","target":["https:\/\/moreiramenezes.com.br\/areas-de-atuacao\/operacoes-imobiliarias\/"]}]},{"@type":"BreadcrumbList","@id":"https:\/\/moreiramenezes.com.br\/areas-de-atuacao\/operacoes-imobiliarias\/#breadcrumb","itemListElement":[{"@type":"ListItem","position":1,"name":"In\u00edcio","item":"https:\/\/moreiramenezes.com.br\/"},{"@type":"ListItem","position":2,"name":"\u00c1reas de atua\u00e7\u00e3o","item":"http:\/\/moreiramenezes.com.br\/en\/areas-de-atuacao\/"},{"@type":"ListItem","position":3,"name":"Opera\u00e7\u00f5es Imobili\u00e1rias"}]},{"@type":"WebSite","@id":"https:\/\/moreiramenezes.com.br\/#website","url":"https:\/\/moreiramenezes.com.br\/","name":"Moreira Menezes Martins","description":"Moreira Menezes Martins - Advogados","potentialAction":[{"@type":"SearchAction","target":{"@type":"EntryPoint","urlTemplate":"https:\/\/moreiramenezes.com.br\/?s={search_term_string}"},"query-input":{"@type":"PropertyValueSpecification","valueRequired":true,"valueName":"search_term_string"}}],"inLanguage":"en-US"}]}},"_links":{"self":[{"href":"https:\/\/moreiramenezes.com.br\/en\/wp-json\/wp\/v2\/pages\/2220","targetHints":{"allow":["GET"]}}],"collection":[{"href":"https:\/\/moreiramenezes.com.br\/en\/wp-json\/wp\/v2\/pages"}],"about":[{"href":"https:\/\/moreiramenezes.com.br\/en\/wp-json\/wp\/v2\/types\/page"}],"author":[{"embeddable":true,"href":"https:\/\/moreiramenezes.com.br\/en\/wp-json\/wp\/v2\/users\/1"}],"replies":[{"embeddable":true,"href":"https:\/\/moreiramenezes.com.br\/en\/wp-json\/wp\/v2\/comments?post=2220"}],"version-history":[{"count":0,"href":"https:\/\/moreiramenezes.com.br\/en\/wp-json\/wp\/v2\/pages\/2220\/revisions"}],"up":[{"embeddable":true,"href":"https:\/\/moreiramenezes.com.br\/en\/wp-json\/wp\/v2\/pages\/47"}],"wp:attachment":[{"href":"https:\/\/moreiramenezes.com.br\/en\/wp-json\/wp\/v2\/media?parent=2220"}],"curies":[{"name":"wp","href":"https:\/\/api.w.org\/{rel}","templated":true}]}}