{"id":2212,"date":"2020-09-21T17:08:45","date_gmt":"2020-09-21T17:08:45","guid":{"rendered":"https:\/\/moreiramenezes.com\/?page_id=2212"},"modified":"2020-09-27T23:31:50","modified_gmt":"2020-09-27T23:31:50","slug":"contratos-e-negocios-empresariais-complexos","status":"publish","type":"page","link":"https:\/\/moreiramenezes.com.br\/en\/areas-de-atuacao\/contratos-e-negocios-empresariais-complexos\/","title":{"rendered":"Contracts and Business Transactions"},"content":{"rendered":"<div data-elementor-type=\"wp-page\" data-elementor-id=\"2212\" class=\"elementor elementor-2212\" data-elementor-post-type=\"page\">\n\t\t\t\t\t\t<section class=\"elementor-section elementor-top-section elementor-element elementor-element-0c74890 elementor-section-content-middle elementor-section-height-min-height elementor-section-items-bottom elementor-section-boxed elementor-section-height-default\" data-id=\"0c74890\" data-element_type=\"section\" data-settings=\"{&quot;background_background&quot;:&quot;classic&quot;}\">\n\t\t\t\t\t\t\t<div class=\"elementor-background-overlay\"><\/div>\n\t\t\t\t\t\t\t<div class=\"elementor-container elementor-column-gap-default\">\n\t\t\t\t\t<div class=\"elementor-column elementor-col-50 elementor-top-column elementor-element elementor-element-42c1932\" data-id=\"42c1932\" data-element_type=\"column\">\n\t\t\t<div class=\"elementor-widget-wrap elementor-element-populated\">\n\t\t\t\t\t\t<section class=\"elementor-section elementor-inner-section elementor-element elementor-element-88b9e78 elementor-section-full_width elementor-section-height-default elementor-section-height-default elementor-invisible\" data-id=\"88b9e78\" data-element_type=\"section\" data-settings=\"{&quot;background_background&quot;:&quot;classic&quot;,&quot;animation&quot;:&quot;fadeIn&quot;}\">\n\t\t\t\t\t\t<div class=\"elementor-container elementor-column-gap-default\">\n\t\t\t\t\t<div class=\"elementor-column elementor-col-100 elementor-inner-column elementor-element elementor-element-8fe27c8\" data-id=\"8fe27c8\" data-element_type=\"column\">\n\t\t\t<div class=\"elementor-widget-wrap elementor-element-populated\">\n\t\t\t\t\t\t<div class=\"elementor-element elementor-element-43f0428 elementor-widget elementor-widget-heading\" data-id=\"43f0428\" data-element_type=\"widget\" data-widget_type=\"heading.default\">\n\t\t\t\t<div class=\"elementor-widget-container\">\n\t\t\t<h2 class=\"elementor-heading-title elementor-size-default\"><strong>Contracts and Business Transactions <br>Empresariais Complexos <\/strong><\/h2>\t\t<\/div>\n\t\t\t\t<\/div>\n\t\t\t\t\t<\/div>\n\t\t<\/div>\n\t\t\t\t\t<\/div>\n\t\t<\/section>\n\t\t\t\t\t<\/div>\n\t\t<\/div>\n\t\t\t\t<div class=\"elementor-column elementor-col-50 elementor-top-column elementor-element elementor-element-7aab127\" data-id=\"7aab127\" data-element_type=\"column\">\n\t\t\t<div class=\"elementor-widget-wrap\">\n\t\t\t\t\t\t\t<\/div>\n\t\t<\/div>\n\t\t\t\t\t<\/div>\n\t\t<\/section>\n\t\t\t\t<section class=\"elementor-section elementor-top-section elementor-element elementor-element-6dd113b elementor-section-boxed elementor-section-height-default elementor-section-height-default\" data-id=\"6dd113b\" data-element_type=\"section\">\n\t\t\t\t\t\t<div class=\"elementor-container elementor-column-gap-default\">\n\t\t\t\t\t<div class=\"elementor-column elementor-col-100 elementor-top-column elementor-element elementor-element-b7b1436\" data-id=\"b7b1436\" data-element_type=\"column\">\n\t\t\t<div class=\"elementor-widget-wrap elementor-element-populated\">\n\t\t\t\t\t\t<div class=\"elementor-element elementor-element-b7b4da6 elementor-widget elementor-widget-text-editor\" data-id=\"b7b4da6\" data-element_type=\"widget\" data-widget_type=\"text-editor.default\">\n\t\t\t\t<div class=\"elementor-widget-container\">\n\t\t\t\t\t\t\t<p>Firm\u2019s lawyers have solid experience in providing individualized legal advice that meet client needs and enable business success.<br \/><br \/>Our lawyers have a multidisciplinary background and expertise enabling them to lead negotiations and contribute to the drafting of a consistent contract that mitigate legal risks, whether in a simple or highly complex business.<br \/><br \/>Among contractual instruments whose elaboration and negotiation our lawyers have experience, we can highlight:<\/p><ul><li>Outsourcing Contracts;<\/li><li>Project Finance Contracts;<\/li><li>Financial contracts and agreements covering transactions with derivatives;<\/li><li>Banking and capital market contracts (including for issuance of debt securities);<\/li><li>Contracts for lease of establishments (hotels, factories, etc.);<\/li><li>Product purchase and sale agreements for future delivery; among others.<\/li><\/ul>\t\t\t\t\t\t<\/div>\n\t\t\t\t<\/div>\n\t\t\t\t\t<\/div>\n\t\t<\/div>\n\t\t\t\t\t<\/div>\n\t\t<\/section>\n\t\t\t\t<\/div>","protected":false},"excerpt":{"rendered":"<p>Contratos e Neg\u00f3cios Empresariais Complexos Os advogados do Escrit\u00f3rio possuem experi\u00eancia no desenvolvimento de solu\u00e7\u00f5es jur\u00eddicas individualizadas que atendam \u00e0s necessidades do cliente e possibilitem a consecu\u00e7\u00e3o dos objetivos empresariais almejados. Nossos advogados possuem forma\u00e7\u00e3o e experi\u00eancia multidisciplinar, tornando-os aptos a liderar negocia\u00e7\u00f5es e contribuir para a constru\u00e7\u00e3o de modelos contratuais \u00fanicos, consistentes e que [&hellip;]<\/p>","protected":false},"author":1,"featured_media":0,"parent":47,"menu_order":0,"comment_status":"closed","ping_status":"closed","template":"","meta":{"footnotes":""},"class_list":["post-2212","page","type-page","status-publish","hentry"],"yoast_head":"<!-- This site is optimized with the Yoast SEO plugin v26.9 - https:\/\/yoast.com\/product\/yoast-seo-wordpress\/ -->\n<title>Contratos e Neg\u00f3cios Empresariais Complexos - Moreira Menezes Martins<\/title>\n<meta name=\"robots\" content=\"index, follow, max-snippet:-1, max-image-preview:large, max-video-preview:-1\" \/>\n<link rel=\"canonical\" href=\"http:\/\/moreiramenezes.com.br\/en\/areas-de-atuacao\/contratos-e-negocios-empresariais-complexos\/\" \/>\n<meta property=\"og:locale\" content=\"en_US\" \/>\n<meta property=\"og:type\" content=\"article\" \/>\n<meta property=\"og:title\" content=\"Contratos e Neg\u00f3cios Empresariais Complexos - Moreira Menezes Martins\" \/>\n<meta property=\"og:description\" content=\"Contratos e Neg\u00f3cios Empresariais Complexos Os advogados do Escrit\u00f3rio possuem experi\u00eancia no desenvolvimento de solu\u00e7\u00f5es jur\u00eddicas individualizadas que atendam \u00e0s necessidades do cliente e possibilitem a consecu\u00e7\u00e3o dos objetivos empresariais almejados. Nossos advogados possuem forma\u00e7\u00e3o e experi\u00eancia multidisciplinar, tornando-os aptos a liderar negocia\u00e7\u00f5es e contribuir para a constru\u00e7\u00e3o de modelos contratuais \u00fanicos, consistentes e que [&hellip;]\" \/>\n<meta property=\"og:url\" content=\"http:\/\/moreiramenezes.com.br\/en\/areas-de-atuacao\/contratos-e-negocios-empresariais-complexos\/\" \/>\n<meta property=\"og:site_name\" content=\"Moreira Menezes Martins\" \/>\n<meta property=\"article:modified_time\" content=\"2020-09-27T23:31:50+00:00\" \/>\n<meta name=\"twitter:card\" content=\"summary_large_image\" \/>\n<meta name=\"twitter:label1\" content=\"Est. reading time\" \/>\n\t<meta name=\"twitter:data1\" content=\"1 minute\" \/>\n<script type=\"application\/ld+json\" class=\"yoast-schema-graph\">{\"@context\":\"https:\/\/schema.org\",\"@graph\":[{\"@type\":\"WebPage\",\"@id\":\"http:\/\/moreiramenezes.com.br\/en\/areas-de-atuacao\/contratos-e-negocios-empresariais-complexos\/\",\"url\":\"http:\/\/moreiramenezes.com.br\/en\/areas-de-atuacao\/contratos-e-negocios-empresariais-complexos\/\",\"name\":\"Contratos e Neg\u00f3cios Empresariais Complexos - Moreira Menezes Martins\",\"isPartOf\":{\"@id\":\"https:\/\/moreiramenezes.com.br\/#website\"},\"datePublished\":\"2020-09-21T17:08:45+00:00\",\"dateModified\":\"2020-09-27T23:31:50+00:00\",\"breadcrumb\":{\"@id\":\"http:\/\/moreiramenezes.com.br\/en\/areas-de-atuacao\/contratos-e-negocios-empresariais-complexos\/#breadcrumb\"},\"inLanguage\":\"en-US\",\"potentialAction\":[{\"@type\":\"ReadAction\",\"target\":[\"http:\/\/moreiramenezes.com.br\/en\/areas-de-atuacao\/contratos-e-negocios-empresariais-complexos\/\"]}]},{\"@type\":\"BreadcrumbList\",\"@id\":\"http:\/\/moreiramenezes.com.br\/en\/areas-de-atuacao\/contratos-e-negocios-empresariais-complexos\/#breadcrumb\",\"itemListElement\":[{\"@type\":\"ListItem\",\"position\":1,\"name\":\"In\u00edcio\",\"item\":\"https:\/\/moreiramenezes.com.br\/\"},{\"@type\":\"ListItem\",\"position\":2,\"name\":\"\u00c1reas de atua\u00e7\u00e3o\",\"item\":\"http:\/\/moreiramenezes.com.br\/en\/areas-de-atuacao\/\"},{\"@type\":\"ListItem\",\"position\":3,\"name\":\"Contratos e Neg\u00f3cios Empresariais Complexos\"}]},{\"@type\":\"WebSite\",\"@id\":\"https:\/\/moreiramenezes.com.br\/#website\",\"url\":\"https:\/\/moreiramenezes.com.br\/\",\"name\":\"Moreira Menezes Martins\",\"description\":\"Moreira Menezes Martins - Advogados\",\"potentialAction\":[{\"@type\":\"SearchAction\",\"target\":{\"@type\":\"EntryPoint\",\"urlTemplate\":\"https:\/\/moreiramenezes.com.br\/?s={search_term_string}\"},\"query-input\":{\"@type\":\"PropertyValueSpecification\",\"valueRequired\":true,\"valueName\":\"search_term_string\"}}],\"inLanguage\":\"en-US\"}]}<\/script>\n<!-- \/ Yoast SEO plugin. -->","yoast_head_json":{"title":"Contratos e Neg\u00f3cios Empresariais Complexos - Moreira Menezes Martins","robots":{"index":"index","follow":"follow","max-snippet":"max-snippet:-1","max-image-preview":"max-image-preview:large","max-video-preview":"max-video-preview:-1"},"canonical":"http:\/\/moreiramenezes.com.br\/en\/areas-de-atuacao\/contratos-e-negocios-empresariais-complexos\/","og_locale":"en_US","og_type":"article","og_title":"Contratos e Neg\u00f3cios Empresariais Complexos - Moreira Menezes Martins","og_description":"Contratos e Neg\u00f3cios Empresariais Complexos Os advogados do Escrit\u00f3rio possuem experi\u00eancia no desenvolvimento de solu\u00e7\u00f5es jur\u00eddicas individualizadas que atendam \u00e0s necessidades do cliente e possibilitem a consecu\u00e7\u00e3o dos objetivos empresariais almejados. Nossos advogados possuem forma\u00e7\u00e3o e experi\u00eancia multidisciplinar, tornando-os aptos a liderar negocia\u00e7\u00f5es e contribuir para a constru\u00e7\u00e3o de modelos contratuais \u00fanicos, consistentes e que [&hellip;]","og_url":"http:\/\/moreiramenezes.com.br\/en\/areas-de-atuacao\/contratos-e-negocios-empresariais-complexos\/","og_site_name":"Moreira Menezes Martins","article_modified_time":"2020-09-27T23:31:50+00:00","twitter_card":"summary_large_image","twitter_misc":{"Est. reading time":"1 minute"},"schema":{"@context":"https:\/\/schema.org","@graph":[{"@type":"WebPage","@id":"http:\/\/moreiramenezes.com.br\/en\/areas-de-atuacao\/contratos-e-negocios-empresariais-complexos\/","url":"http:\/\/moreiramenezes.com.br\/en\/areas-de-atuacao\/contratos-e-negocios-empresariais-complexos\/","name":"Contratos e Neg\u00f3cios Empresariais Complexos - Moreira Menezes Martins","isPartOf":{"@id":"https:\/\/moreiramenezes.com.br\/#website"},"datePublished":"2020-09-21T17:08:45+00:00","dateModified":"2020-09-27T23:31:50+00:00","breadcrumb":{"@id":"http:\/\/moreiramenezes.com.br\/en\/areas-de-atuacao\/contratos-e-negocios-empresariais-complexos\/#breadcrumb"},"inLanguage":"en-US","potentialAction":[{"@type":"ReadAction","target":["http:\/\/moreiramenezes.com.br\/en\/areas-de-atuacao\/contratos-e-negocios-empresariais-complexos\/"]}]},{"@type":"BreadcrumbList","@id":"http:\/\/moreiramenezes.com.br\/en\/areas-de-atuacao\/contratos-e-negocios-empresariais-complexos\/#breadcrumb","itemListElement":[{"@type":"ListItem","position":1,"name":"In\u00edcio","item":"https:\/\/moreiramenezes.com.br\/"},{"@type":"ListItem","position":2,"name":"\u00c1reas de atua\u00e7\u00e3o","item":"http:\/\/moreiramenezes.com.br\/en\/areas-de-atuacao\/"},{"@type":"ListItem","position":3,"name":"Contratos e Neg\u00f3cios Empresariais Complexos"}]},{"@type":"WebSite","@id":"https:\/\/moreiramenezes.com.br\/#website","url":"https:\/\/moreiramenezes.com.br\/","name":"Moreira Menezes Martins","description":"Moreira Menezes Martins - Advogados","potentialAction":[{"@type":"SearchAction","target":{"@type":"EntryPoint","urlTemplate":"https:\/\/moreiramenezes.com.br\/?s={search_term_string}"},"query-input":{"@type":"PropertyValueSpecification","valueRequired":true,"valueName":"search_term_string"}}],"inLanguage":"en-US"}]}},"_links":{"self":[{"href":"https:\/\/moreiramenezes.com.br\/en\/wp-json\/wp\/v2\/pages\/2212","targetHints":{"allow":["GET"]}}],"collection":[{"href":"https:\/\/moreiramenezes.com.br\/en\/wp-json\/wp\/v2\/pages"}],"about":[{"href":"https:\/\/moreiramenezes.com.br\/en\/wp-json\/wp\/v2\/types\/page"}],"author":[{"embeddable":true,"href":"https:\/\/moreiramenezes.com.br\/en\/wp-json\/wp\/v2\/users\/1"}],"replies":[{"embeddable":true,"href":"https:\/\/moreiramenezes.com.br\/en\/wp-json\/wp\/v2\/comments?post=2212"}],"version-history":[{"count":0,"href":"https:\/\/moreiramenezes.com.br\/en\/wp-json\/wp\/v2\/pages\/2212\/revisions"}],"up":[{"embeddable":true,"href":"https:\/\/moreiramenezes.com.br\/en\/wp-json\/wp\/v2\/pages\/47"}],"wp:attachment":[{"href":"https:\/\/moreiramenezes.com.br\/en\/wp-json\/wp\/v2\/media?parent=2212"}],"curies":[{"name":"wp","href":"https:\/\/api.w.org\/{rel}","templated":true}]}}